{"id":9259,"date":"2026-01-19T15:12:19","date_gmt":"2026-01-19T21:12:19","guid":{"rendered":"https:\/\/mrpack.mx\/?post_type=product&#038;p=9259"},"modified":"2026-03-23T19:33:50","modified_gmt":"2026-03-24T01:33:50","slug":"caja-con-6-rollos-de-papel-aluminio-400-delgado","status":"publish","type":"product","link":"https:\/\/mrpack.mx\/en\/product\/caja-con-6-rollos-de-papel-aluminio-400-delgado\/","title":{"rendered":"CAJA CON 6 ROLLOS DE PAPEL ALUMINIO 400 DELGADO"},"content":{"rendered":"<p>La bobina de Papel Aluminio Adir Foil es \u00fatil en el uso labores de cocina y food service para restaurantes, hoteles, hospitales, labores dom\u00e9sticas y m\u00e1s. Es ideal como elemento de cocina, por ejemplo, para cocinar pescados, carnes, pollos y m\u00e1s. Por sus propiedades f\u00edsicas el papel Aluminio Adir act\u00faa en estos casos como una barrera contra la luz que acaba degradando las grasas, los olores, las bacterias, y evitando que se gane o pierda humedad.<\/p>","protected":false},"excerpt":{"rendered":"<p>C\u00f3digo: 01ADFALU400D-6<br \/>\nCaja con 6 rollos de papel aluminio<br \/>\nMedida: 30.5 cm<br \/>\nAncho de hoja: 30 cm<br \/>\nModelo: 400<br \/>\nLongitud: 92.00m<br \/>\nPeso rollo: 1.450 Kg<br \/>\nPeso papel aluminio: 1.250 Kg<br \/>\nPeso caja: 8 Kg<br \/>\nCalibre: 14\u00b5m<\/p>","protected":false},"featured_media":9250,"comment_status":"open","ping_status":"closed","template":"","meta":{"_acf_changed":false},"product_brand":[],"product_cat":[19,56],"product_tag":[27,51],"class_list":{"0":"post-9259","1":"product","2":"type-product","3":"status-publish","4":"has-post-thumbnail","6":"product_cat-empaque","7":"product_cat-papel-aluminio","8":"product_tag-adir-foil","9":"product_tag-papel-aluminio","11":"first","12":"instock","13":"taxable","14":"shipping-taxable","15":"purchasable","16":"product-type-simple"},"acf":[],"yoast_head":"<!-- This site is optimized with the Yoast SEO plugin v27.4 - https:\/\/yoast.com\/product\/yoast-seo-wordpress\/ -->\n<title>CAJA CON 6 ROLLOS DE PAPEL ALUMINIO 400 DELGADO - Mr Pack<\/title>\n<meta name=\"robots\" content=\"index, follow, max-snippet:-1, max-image-preview:large, max-video-preview:-1\" \/>\n<link rel=\"canonical\" href=\"https:\/\/mrpack.mx\/en\/product\/caja-con-6-rollos-de-papel-aluminio-400-delgado\/\" \/>\n<meta property=\"og:locale\" content=\"en_US\" \/>\n<meta property=\"og:type\" content=\"article\" \/>\n<meta property=\"og:title\" content=\"CAJA CON 6 ROLLOS DE PAPEL ALUMINIO 400 DELGADO - Mr Pack\" \/>\n<meta property=\"og:description\" content=\"C\u00f3digo: 01ADFALU400D-6 Caja con 6 rollos de papel aluminio Medida: 30.5 cm Ancho de hoja: 30 cm Modelo: 400 Longitud: 92.00m Peso rollo: 1.450 Kg Peso papel aluminio: 1.250 Kg Peso caja: 8 Kg Calibre: 14\u00b5m\" \/>\n<meta property=\"og:url\" content=\"https:\/\/mrpack.mx\/en\/product\/caja-con-6-rollos-de-papel-aluminio-400-delgado\/\" \/>\n<meta property=\"og:site_name\" content=\"Mr Pack\" \/>\n<meta property=\"article:modified_time\" content=\"2026-03-24T01:33:50+00:00\" \/>\n<meta property=\"og:image\" content=\"https:\/\/mrpack.mx\/wp-content\/uploads\/2024\/03\/ALU-400-CAJA-6.jpeg\" \/>\n\t<meta property=\"og:image:width\" content=\"1200\" \/>\n\t<meta property=\"og:image:height\" content=\"1200\" \/>\n\t<meta property=\"og:image:type\" content=\"image\/jpeg\" \/>\n<meta name=\"twitter:card\" content=\"summary_large_image\" \/>\n<meta name=\"twitter:label1\" content=\"Est. reading time\" \/>\n\t<meta name=\"twitter:data1\" content=\"1 minute\" \/>\n<script type=\"application\/ld+json\" class=\"yoast-schema-graph\">{\"@context\":\"https:\\\/\\\/schema.org\",\"@graph\":[{\"@type\":\"WebPage\",\"@id\":\"https:\\\/\\\/mrpack.mx\\\/producto\\\/caja-con-6-rollos-de-papel-aluminio-400-delgado\\\/\",\"url\":\"https:\\\/\\\/mrpack.mx\\\/producto\\\/caja-con-6-rollos-de-papel-aluminio-400-delgado\\\/\",\"name\":\"CAJA CON 6 ROLLOS DE PAPEL ALUMINIO 400 DELGADO - Mr Pack\",\"isPartOf\":{\"@id\":\"https:\\\/\\\/mrpack.mx\\\/#website\"},\"primaryImageOfPage\":{\"@id\":\"https:\\\/\\\/mrpack.mx\\\/producto\\\/caja-con-6-rollos-de-papel-aluminio-400-delgado\\\/#primaryimage\"},\"image\":{\"@id\":\"https:\\\/\\\/mrpack.mx\\\/producto\\\/caja-con-6-rollos-de-papel-aluminio-400-delgado\\\/#primaryimage\"},\"thumbnailUrl\":\"https:\\\/\\\/mrpack.mx\\\/wp-content\\\/uploads\\\/2024\\\/03\\\/ALU-400-CAJA-6.jpeg\",\"datePublished\":\"2026-01-19T21:12:19+00:00\",\"dateModified\":\"2026-03-24T01:33:50+00:00\",\"breadcrumb\":{\"@id\":\"https:\\\/\\\/mrpack.mx\\\/producto\\\/caja-con-6-rollos-de-papel-aluminio-400-delgado\\\/#breadcrumb\"},\"inLanguage\":\"en-US\",\"potentialAction\":[{\"@type\":\"ReadAction\",\"target\":[\"https:\\\/\\\/mrpack.mx\\\/producto\\\/caja-con-6-rollos-de-papel-aluminio-400-delgado\\\/\"]}]},{\"@type\":\"ImageObject\",\"inLanguage\":\"en-US\",\"@id\":\"https:\\\/\\\/mrpack.mx\\\/producto\\\/caja-con-6-rollos-de-papel-aluminio-400-delgado\\\/#primaryimage\",\"url\":\"https:\\\/\\\/mrpack.mx\\\/wp-content\\\/uploads\\\/2024\\\/03\\\/ALU-400-CAJA-6.jpeg\",\"contentUrl\":\"https:\\\/\\\/mrpack.mx\\\/wp-content\\\/uploads\\\/2024\\\/03\\\/ALU-400-CAJA-6.jpeg\",\"width\":1200,\"height\":1200},{\"@type\":\"BreadcrumbList\",\"@id\":\"https:\\\/\\\/mrpack.mx\\\/producto\\\/caja-con-6-rollos-de-papel-aluminio-400-delgado\\\/#breadcrumb\",\"itemListElement\":[{\"@type\":\"ListItem\",\"position\":1,\"name\":\"Inicio\",\"item\":\"https:\\\/\\\/mrpack.mx\\\/\"},{\"@type\":\"ListItem\",\"position\":2,\"name\":\"Productos\",\"item\":\"https:\\\/\\\/mrpack.mx\\\/shop\\\/\"},{\"@type\":\"ListItem\",\"position\":3,\"name\":\"CAJA CON 6 ROLLOS DE PAPEL ALUMINIO 400 DELGADO\"}]},{\"@type\":\"WebSite\",\"@id\":\"https:\\\/\\\/mrpack.mx\\\/#website\",\"url\":\"https:\\\/\\\/mrpack.mx\\\/\",\"name\":\"Mr Pack\",\"description\":\"Soluciones en empaques, limpieza y ferreter\u00eda\",\"potentialAction\":[{\"@type\":\"SearchAction\",\"target\":{\"@type\":\"EntryPoint\",\"urlTemplate\":\"https:\\\/\\\/mrpack.mx\\\/?s={search_term_string}\"},\"query-input\":{\"@type\":\"PropertyValueSpecification\",\"valueRequired\":true,\"valueName\":\"search_term_string\"}}],\"inLanguage\":\"en-US\"}]}<\/script>\n<!-- \/ Yoast SEO plugin. -->","yoast_head_json":{"title":"CAJA CON 6 ROLLOS DE PAPEL ALUMINIO 400 DELGADO - Mr Pack","robots":{"index":"index","follow":"follow","max-snippet":"max-snippet:-1","max-image-preview":"max-image-preview:large","max-video-preview":"max-video-preview:-1"},"canonical":"https:\/\/mrpack.mx\/en\/product\/caja-con-6-rollos-de-papel-aluminio-400-delgado\/","og_locale":"en_US","og_type":"article","og_title":"CAJA CON 6 ROLLOS DE PAPEL ALUMINIO 400 DELGADO - Mr Pack","og_description":"C\u00f3digo: 01ADFALU400D-6 Caja con 6 rollos de papel aluminio Medida: 30.5 cm Ancho de hoja: 30 cm Modelo: 400 Longitud: 92.00m Peso rollo: 1.450 Kg Peso papel aluminio: 1.250 Kg Peso caja: 8 Kg Calibre: 14\u00b5m","og_url":"https:\/\/mrpack.mx\/en\/product\/caja-con-6-rollos-de-papel-aluminio-400-delgado\/","og_site_name":"Mr Pack","article_modified_time":"2026-03-24T01:33:50+00:00","og_image":[{"width":1200,"height":1200,"url":"https:\/\/mrpack.mx\/wp-content\/uploads\/2024\/03\/ALU-400-CAJA-6.jpeg","type":"image\/jpeg"}],"twitter_card":"summary_large_image","twitter_misc":{"Est. reading time":"1 minute"},"schema":{"@context":"https:\/\/schema.org","@graph":[{"@type":"WebPage","@id":"https:\/\/mrpack.mx\/producto\/caja-con-6-rollos-de-papel-aluminio-400-delgado\/","url":"https:\/\/mrpack.mx\/producto\/caja-con-6-rollos-de-papel-aluminio-400-delgado\/","name":"CAJA CON 6 ROLLOS DE PAPEL ALUMINIO 400 DELGADO - Mr Pack","isPartOf":{"@id":"https:\/\/mrpack.mx\/#website"},"primaryImageOfPage":{"@id":"https:\/\/mrpack.mx\/producto\/caja-con-6-rollos-de-papel-aluminio-400-delgado\/#primaryimage"},"image":{"@id":"https:\/\/mrpack.mx\/producto\/caja-con-6-rollos-de-papel-aluminio-400-delgado\/#primaryimage"},"thumbnailUrl":"https:\/\/mrpack.mx\/wp-content\/uploads\/2024\/03\/ALU-400-CAJA-6.jpeg","datePublished":"2026-01-19T21:12:19+00:00","dateModified":"2026-03-24T01:33:50+00:00","breadcrumb":{"@id":"https:\/\/mrpack.mx\/producto\/caja-con-6-rollos-de-papel-aluminio-400-delgado\/#breadcrumb"},"inLanguage":"en-US","potentialAction":[{"@type":"ReadAction","target":["https:\/\/mrpack.mx\/producto\/caja-con-6-rollos-de-papel-aluminio-400-delgado\/"]}]},{"@type":"ImageObject","inLanguage":"en-US","@id":"https:\/\/mrpack.mx\/producto\/caja-con-6-rollos-de-papel-aluminio-400-delgado\/#primaryimage","url":"https:\/\/mrpack.mx\/wp-content\/uploads\/2024\/03\/ALU-400-CAJA-6.jpeg","contentUrl":"https:\/\/mrpack.mx\/wp-content\/uploads\/2024\/03\/ALU-400-CAJA-6.jpeg","width":1200,"height":1200},{"@type":"BreadcrumbList","@id":"https:\/\/mrpack.mx\/producto\/caja-con-6-rollos-de-papel-aluminio-400-delgado\/#breadcrumb","itemListElement":[{"@type":"ListItem","position":1,"name":"Inicio","item":"https:\/\/mrpack.mx\/"},{"@type":"ListItem","position":2,"name":"Productos","item":"https:\/\/mrpack.mx\/shop\/"},{"@type":"ListItem","position":3,"name":"CAJA CON 6 ROLLOS DE PAPEL ALUMINIO 400 DELGADO"}]},{"@type":"WebSite","@id":"https:\/\/mrpack.mx\/#website","url":"https:\/\/mrpack.mx\/","name":"Mr Pack","description":"Soluciones en empaques, limpieza y ferreter\u00eda","potentialAction":[{"@type":"SearchAction","target":{"@type":"EntryPoint","urlTemplate":"https:\/\/mrpack.mx\/?s={search_term_string}"},"query-input":{"@type":"PropertyValueSpecification","valueRequired":true,"valueName":"search_term_string"}}],"inLanguage":"en-US"}]}},"_links":{"self":[{"href":"https:\/\/mrpack.mx\/en\/wp-json\/wp\/v2\/product\/9259","targetHints":{"allow":["GET"]}}],"collection":[{"href":"https:\/\/mrpack.mx\/en\/wp-json\/wp\/v2\/product"}],"about":[{"href":"https:\/\/mrpack.mx\/en\/wp-json\/wp\/v2\/types\/product"}],"replies":[{"embeddable":true,"href":"https:\/\/mrpack.mx\/en\/wp-json\/wp\/v2\/comments?post=9259"}],"version-history":[{"count":2,"href":"https:\/\/mrpack.mx\/en\/wp-json\/wp\/v2\/product\/9259\/revisions"}],"predecessor-version":[{"id":9261,"href":"https:\/\/mrpack.mx\/en\/wp-json\/wp\/v2\/product\/9259\/revisions\/9261"}],"wp:featuredmedia":[{"embeddable":true,"href":"https:\/\/mrpack.mx\/en\/wp-json\/wp\/v2\/media\/9250"}],"wp:attachment":[{"href":"https:\/\/mrpack.mx\/en\/wp-json\/wp\/v2\/media?parent=9259"}],"wp:term":[{"taxonomy":"product_brand","embeddable":true,"href":"https:\/\/mrpack.mx\/en\/wp-json\/wp\/v2\/product_brand?post=9259"},{"taxonomy":"product_cat","embeddable":true,"href":"https:\/\/mrpack.mx\/en\/wp-json\/wp\/v2\/product_cat?post=9259"},{"taxonomy":"product_tag","embeddable":true,"href":"https:\/\/mrpack.mx\/en\/wp-json\/wp\/v2\/product_tag?post=9259"}],"curies":[{"name":"wp","href":"https:\/\/api.w.org\/{rel}","templated":true}]}}