{"id":9230,"date":"2026-01-17T13:09:52","date_gmt":"2026-01-17T19:09:52","guid":{"rendered":"https:\/\/mrpack.mx\/?post_type=product&#038;p=9230"},"modified":"2026-03-23T19:33:41","modified_gmt":"2026-03-24T01:33:41","slug":"pelicula-plastica-rollipack-30-cm-modelo-600","status":"publish","type":"product","link":"https:\/\/mrpack.mx\/en\/product\/pelicula-plastica-rollipack-30-cm-modelo-600\/","title":{"rendered":"PEL\u00cdCULA PL\u00c1STICA ROLLIPACK 30 CM MODELO 600"},"content":{"rendered":"<p>Eleva la presentaci\u00f3n y frescura de tus platillos con nuestra gama de food wrap dise\u00f1ada para restaurantes y hoteles. Nuestros productos son perfectos para mantener la calidad de los alimentos y realzar la experiencia gastron\u00f3mica de tus clientes. Descubre soluciones pr\u00e1cticas y estilizadas para la industria de servicios alimentarios.<br \/>\nProducto certificado FDA, ISO<\/p>","protected":false},"excerpt":{"rendered":"<p>C\u00f3digo: 01RPPVC30600<\/p>\n<p>Cantidad: 1 rollo<br \/>\nMedida: 30 cm<br \/>\nModelo: 600<br \/>\nPeso: 1.5 Kg<br \/>\nLongitud: 600m<br \/>\nCalibre: 12\u00b5m<\/p>\n<p>Tarima\/Pallet: 540 rollos \/ 90 cajas con 6 rollos<\/p>","protected":false},"featured_media":640,"comment_status":"open","ping_status":"closed","template":"","meta":{"_acf_changed":false},"product_brand":[],"product_cat":[52,19,55],"product_tag":[50,22],"class_list":{"0":"post-9230","1":"product","2":"type-product","3":"status-publish","4":"has-post-thumbnail","6":"product_cat-destacados","7":"product_cat-empaque","8":"product_cat-peliculas-plasticas","9":"product_tag-pelicula-plastica","10":"product_tag-rollipack","12":"first","13":"instock","14":"shipping-taxable","15":"purchasable","16":"product-type-simple"},"acf":[],"yoast_head":"<!-- This site is optimized with the Yoast SEO plugin v27.4 - https:\/\/yoast.com\/product\/yoast-seo-wordpress\/ -->\n<title>PEL\u00cdCULA PL\u00c1STICA ROLLIPACK 30 CM MODELO 600 - Mr Pack<\/title>\n<meta name=\"robots\" content=\"index, follow, max-snippet:-1, max-image-preview:large, max-video-preview:-1\" \/>\n<link rel=\"canonical\" href=\"https:\/\/mrpack.mx\/en\/product\/pelicula-plastica-rollipack-30-cm-modelo-600\/\" \/>\n<meta property=\"og:locale\" content=\"en_US\" \/>\n<meta property=\"og:type\" content=\"article\" \/>\n<meta property=\"og:title\" content=\"PEL\u00cdCULA PL\u00c1STICA ROLLIPACK 30 CM MODELO 600 - Mr Pack\" \/>\n<meta property=\"og:description\" content=\"C\u00f3digo: 01RPPVC30600  Cantidad: 1 rollo Medida: 30 cm Modelo: 600 Peso: 1.5 Kg Longitud: 600m Calibre: 12\u00b5m  Tarima\/Pallet: 540 rollos \/ 90 cajas con 6 rollos\" \/>\n<meta property=\"og:url\" content=\"https:\/\/mrpack.mx\/en\/product\/pelicula-plastica-rollipack-30-cm-modelo-600\/\" \/>\n<meta property=\"og:site_name\" content=\"Mr Pack\" \/>\n<meta property=\"article:modified_time\" content=\"2026-03-24T01:33:41+00:00\" \/>\n<meta property=\"og:image\" content=\"https:\/\/mrpack.mx\/wp-content\/uploads\/2024\/01\/DSC02413.png\" \/>\n\t<meta property=\"og:image:width\" content=\"1293\" \/>\n\t<meta property=\"og:image:height\" content=\"1332\" \/>\n\t<meta property=\"og:image:type\" content=\"image\/png\" \/>\n<meta name=\"twitter:card\" content=\"summary_large_image\" \/>\n<meta name=\"twitter:label1\" content=\"Est. reading time\" \/>\n\t<meta name=\"twitter:data1\" content=\"1 minute\" \/>\n<script type=\"application\/ld+json\" class=\"yoast-schema-graph\">{\"@context\":\"https:\\\/\\\/schema.org\",\"@graph\":[{\"@type\":\"WebPage\",\"@id\":\"https:\\\/\\\/mrpack.mx\\\/producto\\\/pelicula-plastica-rollipack-30-cm-modelo-600\\\/\",\"url\":\"https:\\\/\\\/mrpack.mx\\\/producto\\\/pelicula-plastica-rollipack-30-cm-modelo-600\\\/\",\"name\":\"PEL\u00cdCULA PL\u00c1STICA ROLLIPACK 30 CM MODELO 600 - Mr Pack\",\"isPartOf\":{\"@id\":\"https:\\\/\\\/mrpack.mx\\\/#website\"},\"primaryImageOfPage\":{\"@id\":\"https:\\\/\\\/mrpack.mx\\\/producto\\\/pelicula-plastica-rollipack-30-cm-modelo-600\\\/#primaryimage\"},\"image\":{\"@id\":\"https:\\\/\\\/mrpack.mx\\\/producto\\\/pelicula-plastica-rollipack-30-cm-modelo-600\\\/#primaryimage\"},\"thumbnailUrl\":\"https:\\\/\\\/mrpack.mx\\\/wp-content\\\/uploads\\\/2024\\\/01\\\/DSC02413.png\",\"datePublished\":\"2026-01-17T19:09:52+00:00\",\"dateModified\":\"2026-03-24T01:33:41+00:00\",\"breadcrumb\":{\"@id\":\"https:\\\/\\\/mrpack.mx\\\/producto\\\/pelicula-plastica-rollipack-30-cm-modelo-600\\\/#breadcrumb\"},\"inLanguage\":\"en-US\",\"potentialAction\":[{\"@type\":\"ReadAction\",\"target\":[\"https:\\\/\\\/mrpack.mx\\\/producto\\\/pelicula-plastica-rollipack-30-cm-modelo-600\\\/\"]}]},{\"@type\":\"ImageObject\",\"inLanguage\":\"en-US\",\"@id\":\"https:\\\/\\\/mrpack.mx\\\/producto\\\/pelicula-plastica-rollipack-30-cm-modelo-600\\\/#primaryimage\",\"url\":\"https:\\\/\\\/mrpack.mx\\\/wp-content\\\/uploads\\\/2024\\\/01\\\/DSC02413.png\",\"contentUrl\":\"https:\\\/\\\/mrpack.mx\\\/wp-content\\\/uploads\\\/2024\\\/01\\\/DSC02413.png\",\"width\":1293,\"height\":1332},{\"@type\":\"BreadcrumbList\",\"@id\":\"https:\\\/\\\/mrpack.mx\\\/producto\\\/pelicula-plastica-rollipack-30-cm-modelo-600\\\/#breadcrumb\",\"itemListElement\":[{\"@type\":\"ListItem\",\"position\":1,\"name\":\"Inicio\",\"item\":\"https:\\\/\\\/mrpack.mx\\\/\"},{\"@type\":\"ListItem\",\"position\":2,\"name\":\"Productos\",\"item\":\"https:\\\/\\\/mrpack.mx\\\/shop\\\/\"},{\"@type\":\"ListItem\",\"position\":3,\"name\":\"PEL\u00cdCULA PL\u00c1STICA ROLLIPACK 30 CM MODELO 600\"}]},{\"@type\":\"WebSite\",\"@id\":\"https:\\\/\\\/mrpack.mx\\\/#website\",\"url\":\"https:\\\/\\\/mrpack.mx\\\/\",\"name\":\"Mr Pack\",\"description\":\"Soluciones en empaques, limpieza y ferreter\u00eda\",\"potentialAction\":[{\"@type\":\"SearchAction\",\"target\":{\"@type\":\"EntryPoint\",\"urlTemplate\":\"https:\\\/\\\/mrpack.mx\\\/?s={search_term_string}\"},\"query-input\":{\"@type\":\"PropertyValueSpecification\",\"valueRequired\":true,\"valueName\":\"search_term_string\"}}],\"inLanguage\":\"en-US\"}]}<\/script>\n<!-- \/ Yoast SEO plugin. -->","yoast_head_json":{"title":"PEL\u00cdCULA PL\u00c1STICA ROLLIPACK 30 CM MODELO 600 - Mr Pack","robots":{"index":"index","follow":"follow","max-snippet":"max-snippet:-1","max-image-preview":"max-image-preview:large","max-video-preview":"max-video-preview:-1"},"canonical":"https:\/\/mrpack.mx\/en\/product\/pelicula-plastica-rollipack-30-cm-modelo-600\/","og_locale":"en_US","og_type":"article","og_title":"PEL\u00cdCULA PL\u00c1STICA ROLLIPACK 30 CM MODELO 600 - Mr Pack","og_description":"C\u00f3digo: 01RPPVC30600  Cantidad: 1 rollo Medida: 30 cm Modelo: 600 Peso: 1.5 Kg Longitud: 600m Calibre: 12\u00b5m  Tarima\/Pallet: 540 rollos \/ 90 cajas con 6 rollos","og_url":"https:\/\/mrpack.mx\/en\/product\/pelicula-plastica-rollipack-30-cm-modelo-600\/","og_site_name":"Mr Pack","article_modified_time":"2026-03-24T01:33:41+00:00","og_image":[{"width":1293,"height":1332,"url":"https:\/\/mrpack.mx\/wp-content\/uploads\/2024\/01\/DSC02413.png","type":"image\/png"}],"twitter_card":"summary_large_image","twitter_misc":{"Est. reading time":"1 minute"},"schema":{"@context":"https:\/\/schema.org","@graph":[{"@type":"WebPage","@id":"https:\/\/mrpack.mx\/producto\/pelicula-plastica-rollipack-30-cm-modelo-600\/","url":"https:\/\/mrpack.mx\/producto\/pelicula-plastica-rollipack-30-cm-modelo-600\/","name":"PEL\u00cdCULA PL\u00c1STICA ROLLIPACK 30 CM MODELO 600 - Mr Pack","isPartOf":{"@id":"https:\/\/mrpack.mx\/#website"},"primaryImageOfPage":{"@id":"https:\/\/mrpack.mx\/producto\/pelicula-plastica-rollipack-30-cm-modelo-600\/#primaryimage"},"image":{"@id":"https:\/\/mrpack.mx\/producto\/pelicula-plastica-rollipack-30-cm-modelo-600\/#primaryimage"},"thumbnailUrl":"https:\/\/mrpack.mx\/wp-content\/uploads\/2024\/01\/DSC02413.png","datePublished":"2026-01-17T19:09:52+00:00","dateModified":"2026-03-24T01:33:41+00:00","breadcrumb":{"@id":"https:\/\/mrpack.mx\/producto\/pelicula-plastica-rollipack-30-cm-modelo-600\/#breadcrumb"},"inLanguage":"en-US","potentialAction":[{"@type":"ReadAction","target":["https:\/\/mrpack.mx\/producto\/pelicula-plastica-rollipack-30-cm-modelo-600\/"]}]},{"@type":"ImageObject","inLanguage":"en-US","@id":"https:\/\/mrpack.mx\/producto\/pelicula-plastica-rollipack-30-cm-modelo-600\/#primaryimage","url":"https:\/\/mrpack.mx\/wp-content\/uploads\/2024\/01\/DSC02413.png","contentUrl":"https:\/\/mrpack.mx\/wp-content\/uploads\/2024\/01\/DSC02413.png","width":1293,"height":1332},{"@type":"BreadcrumbList","@id":"https:\/\/mrpack.mx\/producto\/pelicula-plastica-rollipack-30-cm-modelo-600\/#breadcrumb","itemListElement":[{"@type":"ListItem","position":1,"name":"Inicio","item":"https:\/\/mrpack.mx\/"},{"@type":"ListItem","position":2,"name":"Productos","item":"https:\/\/mrpack.mx\/shop\/"},{"@type":"ListItem","position":3,"name":"PEL\u00cdCULA PL\u00c1STICA ROLLIPACK 30 CM MODELO 600"}]},{"@type":"WebSite","@id":"https:\/\/mrpack.mx\/#website","url":"https:\/\/mrpack.mx\/","name":"Mr Pack","description":"Soluciones en empaques, limpieza y ferreter\u00eda","potentialAction":[{"@type":"SearchAction","target":{"@type":"EntryPoint","urlTemplate":"https:\/\/mrpack.mx\/?s={search_term_string}"},"query-input":{"@type":"PropertyValueSpecification","valueRequired":true,"valueName":"search_term_string"}}],"inLanguage":"en-US"}]}},"_links":{"self":[{"href":"https:\/\/mrpack.mx\/en\/wp-json\/wp\/v2\/product\/9230","targetHints":{"allow":["GET"]}}],"collection":[{"href":"https:\/\/mrpack.mx\/en\/wp-json\/wp\/v2\/product"}],"about":[{"href":"https:\/\/mrpack.mx\/en\/wp-json\/wp\/v2\/types\/product"}],"replies":[{"embeddable":true,"href":"https:\/\/mrpack.mx\/en\/wp-json\/wp\/v2\/comments?post=9230"}],"version-history":[{"count":1,"href":"https:\/\/mrpack.mx\/en\/wp-json\/wp\/v2\/product\/9230\/revisions"}],"predecessor-version":[{"id":9231,"href":"https:\/\/mrpack.mx\/en\/wp-json\/wp\/v2\/product\/9230\/revisions\/9231"}],"wp:featuredmedia":[{"embeddable":true,"href":"https:\/\/mrpack.mx\/en\/wp-json\/wp\/v2\/media\/640"}],"wp:attachment":[{"href":"https:\/\/mrpack.mx\/en\/wp-json\/wp\/v2\/media?parent=9230"}],"wp:term":[{"taxonomy":"product_brand","embeddable":true,"href":"https:\/\/mrpack.mx\/en\/wp-json\/wp\/v2\/product_brand?post=9230"},{"taxonomy":"product_cat","embeddable":true,"href":"https:\/\/mrpack.mx\/en\/wp-json\/wp\/v2\/product_cat?post=9230"},{"taxonomy":"product_tag","embeddable":true,"href":"https:\/\/mrpack.mx\/en\/wp-json\/wp\/v2\/product_tag?post=9230"}],"curies":[{"name":"wp","href":"https:\/\/api.w.org\/{rel}","templated":true}]}}