{"id":789,"date":"2024-03-12T17:30:42","date_gmt":"2024-03-12T23:30:42","guid":{"rendered":"https:\/\/mrpack.mx\/?post_type=product&#038;p=789"},"modified":"2026-03-23T19:44:44","modified_gmt":"2026-03-24T01:44:44","slug":"tapete-con-pastilla-wiese-85-grs-lavanda-paradicloro","status":"publish","type":"product","link":"https:\/\/mrpack.mx\/en\/product\/tapete-con-pastilla-wiese-85-grs-lavanda-paradicloro\/","title":{"rendered":"TAPETE CON PASTILLA WIESE 85 GRS LAVANDA PARADICLORO"},"content":{"rendered":"","protected":false},"excerpt":{"rendered":"<p>Unidad: Pieza<br \/>\nC\u00f3digo: 06SALTACP00<br \/>\nAromas: Lavanda<br \/>\nTapete con pastilla paradicloro, no se evapora con el aire ya que act\u00faa solamente con el agua, contiene enzimas que ayudan a evitar la formaci\u00f3n de sarro y los malos olores, su dise\u00f1o impide el paso de objetos tales como: colillas de cigarro, papel, etc.<\/p>","protected":false},"featured_media":751,"comment_status":"open","ping_status":"closed","template":"","meta":{"_acf_changed":false},"product_brand":[],"product_cat":[58,20],"product_tag":[26],"class_list":{"0":"post-789","1":"product","2":"type-product","3":"status-publish","4":"has-post-thumbnail","6":"product_cat-aromatizantes","7":"product_cat-limpieza","8":"product_tag-wiese","10":"first","11":"instock","12":"taxable","13":"shipping-taxable","14":"purchasable","15":"product-type-simple"},"acf":[],"yoast_head":"<!-- This site is optimized with the Yoast SEO plugin v27.4 - https:\/\/yoast.com\/product\/yoast-seo-wordpress\/ -->\n<title>TAPETE CON PASTILLA WIESE 85 GRS LAVANDA PARADICLORO - Mr Pack<\/title>\n<meta name=\"robots\" content=\"index, follow, max-snippet:-1, max-image-preview:large, max-video-preview:-1\" \/>\n<link rel=\"canonical\" href=\"https:\/\/mrpack.mx\/en\/product\/tapete-con-pastilla-wiese-85-grs-lavanda-paradicloro\/\" \/>\n<meta property=\"og:locale\" content=\"en_US\" \/>\n<meta property=\"og:type\" content=\"article\" \/>\n<meta property=\"og:title\" content=\"TAPETE CON PASTILLA WIESE 85 GRS LAVANDA PARADICLORO - Mr Pack\" \/>\n<meta property=\"og:description\" content=\"Unidad: Pieza C\u00f3digo: 06SALTACP00 Aromas: Lavanda Tapete con pastilla paradicloro, no se evapora con el aire ya que act\u00faa solamente con el agua, contiene enzimas que ayudan a evitar la formaci\u00f3n de sarro y los malos olores, su dise\u00f1o impide el paso de objetos tales como: colillas de cigarro, papel, etc.\" \/>\n<meta property=\"og:url\" content=\"https:\/\/mrpack.mx\/en\/product\/tapete-con-pastilla-wiese-85-grs-lavanda-paradicloro\/\" \/>\n<meta property=\"og:site_name\" content=\"Mr Pack\" \/>\n<meta property=\"article:modified_time\" content=\"2026-03-24T01:44:44+00:00\" \/>\n<meta property=\"og:image\" content=\"https:\/\/mrpack.mx\/wp-content\/uploads\/2024\/03\/06SALTACP03.jpeg\" \/>\n\t<meta property=\"og:image:width\" content=\"1200\" \/>\n\t<meta property=\"og:image:height\" content=\"1200\" \/>\n\t<meta property=\"og:image:type\" content=\"image\/jpeg\" \/>\n<meta name=\"twitter:card\" content=\"summary_large_image\" \/>\n<script type=\"application\/ld+json\" class=\"yoast-schema-graph\">{\"@context\":\"https:\\\/\\\/schema.org\",\"@graph\":[{\"@type\":\"WebPage\",\"@id\":\"https:\\\/\\\/mrpack.mx\\\/producto\\\/tapete-con-pastilla-wiese-85-grs-lavanda-paradicloro\\\/\",\"url\":\"https:\\\/\\\/mrpack.mx\\\/producto\\\/tapete-con-pastilla-wiese-85-grs-lavanda-paradicloro\\\/\",\"name\":\"TAPETE CON PASTILLA WIESE 85 GRS LAVANDA PARADICLORO - Mr Pack\",\"isPartOf\":{\"@id\":\"https:\\\/\\\/mrpack.mx\\\/#website\"},\"primaryImageOfPage\":{\"@id\":\"https:\\\/\\\/mrpack.mx\\\/producto\\\/tapete-con-pastilla-wiese-85-grs-lavanda-paradicloro\\\/#primaryimage\"},\"image\":{\"@id\":\"https:\\\/\\\/mrpack.mx\\\/producto\\\/tapete-con-pastilla-wiese-85-grs-lavanda-paradicloro\\\/#primaryimage\"},\"thumbnailUrl\":\"https:\\\/\\\/mrpack.mx\\\/wp-content\\\/uploads\\\/2024\\\/03\\\/06SALTACP03.jpeg\",\"datePublished\":\"2024-03-12T23:30:42+00:00\",\"dateModified\":\"2026-03-24T01:44:44+00:00\",\"breadcrumb\":{\"@id\":\"https:\\\/\\\/mrpack.mx\\\/producto\\\/tapete-con-pastilla-wiese-85-grs-lavanda-paradicloro\\\/#breadcrumb\"},\"inLanguage\":\"en-US\",\"potentialAction\":[{\"@type\":\"ReadAction\",\"target\":[\"https:\\\/\\\/mrpack.mx\\\/producto\\\/tapete-con-pastilla-wiese-85-grs-lavanda-paradicloro\\\/\"]}]},{\"@type\":\"ImageObject\",\"inLanguage\":\"en-US\",\"@id\":\"https:\\\/\\\/mrpack.mx\\\/producto\\\/tapete-con-pastilla-wiese-85-grs-lavanda-paradicloro\\\/#primaryimage\",\"url\":\"https:\\\/\\\/mrpack.mx\\\/wp-content\\\/uploads\\\/2024\\\/03\\\/06SALTACP03.jpeg\",\"contentUrl\":\"https:\\\/\\\/mrpack.mx\\\/wp-content\\\/uploads\\\/2024\\\/03\\\/06SALTACP03.jpeg\",\"width\":1200,\"height\":1200},{\"@type\":\"BreadcrumbList\",\"@id\":\"https:\\\/\\\/mrpack.mx\\\/producto\\\/tapete-con-pastilla-wiese-85-grs-lavanda-paradicloro\\\/#breadcrumb\",\"itemListElement\":[{\"@type\":\"ListItem\",\"position\":1,\"name\":\"Inicio\",\"item\":\"https:\\\/\\\/mrpack.mx\\\/\"},{\"@type\":\"ListItem\",\"position\":2,\"name\":\"Productos\",\"item\":\"https:\\\/\\\/mrpack.mx\\\/shop\\\/\"},{\"@type\":\"ListItem\",\"position\":3,\"name\":\"TAPETE CON PASTILLA WIESE 85 GRS LAVANDA PARADICLORO\"}]},{\"@type\":\"WebSite\",\"@id\":\"https:\\\/\\\/mrpack.mx\\\/#website\",\"url\":\"https:\\\/\\\/mrpack.mx\\\/\",\"name\":\"Mr Pack\",\"description\":\"Soluciones en empaques, limpieza y ferreter\u00eda\",\"potentialAction\":[{\"@type\":\"SearchAction\",\"target\":{\"@type\":\"EntryPoint\",\"urlTemplate\":\"https:\\\/\\\/mrpack.mx\\\/?s={search_term_string}\"},\"query-input\":{\"@type\":\"PropertyValueSpecification\",\"valueRequired\":true,\"valueName\":\"search_term_string\"}}],\"inLanguage\":\"en-US\"}]}<\/script>\n<!-- \/ Yoast SEO plugin. -->","yoast_head_json":{"title":"TAPETE CON PASTILLA WIESE 85 GRS LAVANDA PARADICLORO - Mr Pack","robots":{"index":"index","follow":"follow","max-snippet":"max-snippet:-1","max-image-preview":"max-image-preview:large","max-video-preview":"max-video-preview:-1"},"canonical":"https:\/\/mrpack.mx\/en\/product\/tapete-con-pastilla-wiese-85-grs-lavanda-paradicloro\/","og_locale":"en_US","og_type":"article","og_title":"TAPETE CON PASTILLA WIESE 85 GRS LAVANDA PARADICLORO - Mr Pack","og_description":"Unidad: Pieza C\u00f3digo: 06SALTACP00 Aromas: Lavanda Tapete con pastilla paradicloro, no se evapora con el aire ya que act\u00faa solamente con el agua, contiene enzimas que ayudan a evitar la formaci\u00f3n de sarro y los malos olores, su dise\u00f1o impide el paso de objetos tales como: colillas de cigarro, papel, etc.","og_url":"https:\/\/mrpack.mx\/en\/product\/tapete-con-pastilla-wiese-85-grs-lavanda-paradicloro\/","og_site_name":"Mr Pack","article_modified_time":"2026-03-24T01:44:44+00:00","og_image":[{"width":1200,"height":1200,"url":"https:\/\/mrpack.mx\/wp-content\/uploads\/2024\/03\/06SALTACP03.jpeg","type":"image\/jpeg"}],"twitter_card":"summary_large_image","schema":{"@context":"https:\/\/schema.org","@graph":[{"@type":"WebPage","@id":"https:\/\/mrpack.mx\/producto\/tapete-con-pastilla-wiese-85-grs-lavanda-paradicloro\/","url":"https:\/\/mrpack.mx\/producto\/tapete-con-pastilla-wiese-85-grs-lavanda-paradicloro\/","name":"TAPETE CON PASTILLA WIESE 85 GRS LAVANDA PARADICLORO - Mr Pack","isPartOf":{"@id":"https:\/\/mrpack.mx\/#website"},"primaryImageOfPage":{"@id":"https:\/\/mrpack.mx\/producto\/tapete-con-pastilla-wiese-85-grs-lavanda-paradicloro\/#primaryimage"},"image":{"@id":"https:\/\/mrpack.mx\/producto\/tapete-con-pastilla-wiese-85-grs-lavanda-paradicloro\/#primaryimage"},"thumbnailUrl":"https:\/\/mrpack.mx\/wp-content\/uploads\/2024\/03\/06SALTACP03.jpeg","datePublished":"2024-03-12T23:30:42+00:00","dateModified":"2026-03-24T01:44:44+00:00","breadcrumb":{"@id":"https:\/\/mrpack.mx\/producto\/tapete-con-pastilla-wiese-85-grs-lavanda-paradicloro\/#breadcrumb"},"inLanguage":"en-US","potentialAction":[{"@type":"ReadAction","target":["https:\/\/mrpack.mx\/producto\/tapete-con-pastilla-wiese-85-grs-lavanda-paradicloro\/"]}]},{"@type":"ImageObject","inLanguage":"en-US","@id":"https:\/\/mrpack.mx\/producto\/tapete-con-pastilla-wiese-85-grs-lavanda-paradicloro\/#primaryimage","url":"https:\/\/mrpack.mx\/wp-content\/uploads\/2024\/03\/06SALTACP03.jpeg","contentUrl":"https:\/\/mrpack.mx\/wp-content\/uploads\/2024\/03\/06SALTACP03.jpeg","width":1200,"height":1200},{"@type":"BreadcrumbList","@id":"https:\/\/mrpack.mx\/producto\/tapete-con-pastilla-wiese-85-grs-lavanda-paradicloro\/#breadcrumb","itemListElement":[{"@type":"ListItem","position":1,"name":"Inicio","item":"https:\/\/mrpack.mx\/"},{"@type":"ListItem","position":2,"name":"Productos","item":"https:\/\/mrpack.mx\/shop\/"},{"@type":"ListItem","position":3,"name":"TAPETE CON PASTILLA WIESE 85 GRS LAVANDA PARADICLORO"}]},{"@type":"WebSite","@id":"https:\/\/mrpack.mx\/#website","url":"https:\/\/mrpack.mx\/","name":"Mr Pack","description":"Soluciones en empaques, limpieza y ferreter\u00eda","potentialAction":[{"@type":"SearchAction","target":{"@type":"EntryPoint","urlTemplate":"https:\/\/mrpack.mx\/?s={search_term_string}"},"query-input":{"@type":"PropertyValueSpecification","valueRequired":true,"valueName":"search_term_string"}}],"inLanguage":"en-US"}]}},"_links":{"self":[{"href":"https:\/\/mrpack.mx\/en\/wp-json\/wp\/v2\/product\/789","targetHints":{"allow":["GET"]}}],"collection":[{"href":"https:\/\/mrpack.mx\/en\/wp-json\/wp\/v2\/product"}],"about":[{"href":"https:\/\/mrpack.mx\/en\/wp-json\/wp\/v2\/types\/product"}],"replies":[{"embeddable":true,"href":"https:\/\/mrpack.mx\/en\/wp-json\/wp\/v2\/comments?post=789"}],"version-history":[{"count":0,"href":"https:\/\/mrpack.mx\/en\/wp-json\/wp\/v2\/product\/789\/revisions"}],"wp:featuredmedia":[{"embeddable":true,"href":"https:\/\/mrpack.mx\/en\/wp-json\/wp\/v2\/media\/751"}],"wp:attachment":[{"href":"https:\/\/mrpack.mx\/en\/wp-json\/wp\/v2\/media?parent=789"}],"wp:term":[{"taxonomy":"product_brand","embeddable":true,"href":"https:\/\/mrpack.mx\/en\/wp-json\/wp\/v2\/product_brand?post=789"},{"taxonomy":"product_cat","embeddable":true,"href":"https:\/\/mrpack.mx\/en\/wp-json\/wp\/v2\/product_cat?post=789"},{"taxonomy":"product_tag","embeddable":true,"href":"https:\/\/mrpack.mx\/en\/wp-json\/wp\/v2\/product_tag?post=789"}],"curies":[{"name":"wp","href":"https:\/\/api.w.org\/{rel}","templated":true}]}}