{"id":702,"date":"2024-03-06T15:35:15","date_gmt":"2024-03-06T21:35:15","guid":{"rendered":"https:\/\/mrpack.mx\/?post_type=product&#038;p=702"},"modified":"2026-03-23T19:33:48","modified_gmt":"2026-03-24T01:33:48","slug":"charola-de-aluminio-redonda-23-cm-9","status":"publish","type":"product","link":"https:\/\/mrpack.mx\/en\/product\/charola-de-aluminio-redonda-23-cm-9\/","title":{"rendered":"CHAROLA DE ALUMINIO REDONDA 23 CM (9&#8243;)"},"content":{"rendered":"<p>La charola de aluminio es \u00fatil en el uso labores de cocina y food service para restaurantes, hoteles, hospitales, labores dom\u00e9sticas y m\u00e1s. Es ideal como elemento de cocina, por ejemplo, para cocinar pescados, carnes, pollos y m\u00e1s. Por sus propiedades f\u00edsicas el aluminio act\u00faa en estos casos como una barrera contra la luz que acaba degradando las grasas, los olores, las bacterias, y evitando que se gane o pierda humedad.<\/p>","protected":false},"excerpt":{"rendered":"<p>C\u00f3digo: 01ADFCHR03<br \/>\nMedida: 23 CM (9&#8243;)<br \/>\nModelo: Redonda<br \/>\nPeso:<\/p>","protected":false},"featured_media":688,"comment_status":"open","ping_status":"closed","template":"","meta":{"_acf_changed":false},"product_brand":[],"product_cat":[57,19,56],"product_tag":[27,51],"class_list":{"0":"post-702","1":"product","2":"type-product","3":"status-publish","4":"has-post-thumbnail","6":"product_cat-charolas-de-aluminio","7":"product_cat-empaque","8":"product_cat-papel-aluminio","9":"product_tag-adir-foil","10":"product_tag-papel-aluminio","12":"first","13":"instock","14":"taxable","15":"shipping-taxable","16":"purchasable","17":"product-type-simple"},"acf":[],"yoast_head":"<!-- This site is optimized with the Yoast SEO plugin v27.4 - https:\/\/yoast.com\/product\/yoast-seo-wordpress\/ -->\n<title>CHAROLA DE ALUMINIO REDONDA 23 CM (9&quot;) - Mr Pack<\/title>\n<meta name=\"robots\" content=\"index, follow, max-snippet:-1, max-image-preview:large, max-video-preview:-1\" \/>\n<link rel=\"canonical\" href=\"https:\/\/mrpack.mx\/en\/product\/charola-de-aluminio-redonda-23-cm-9\/\" \/>\n<meta property=\"og:locale\" content=\"en_US\" \/>\n<meta property=\"og:type\" content=\"article\" \/>\n<meta property=\"og:title\" content=\"CHAROLA DE ALUMINIO REDONDA 23 CM (9&quot;) - Mr Pack\" \/>\n<meta property=\"og:description\" content=\"C\u00f3digo: 01ADFCHR03 Medida: 23 CM (9&quot;) Modelo: Redonda Peso:\" \/>\n<meta property=\"og:url\" content=\"https:\/\/mrpack.mx\/en\/product\/charola-de-aluminio-redonda-23-cm-9\/\" \/>\n<meta property=\"og:site_name\" content=\"Mr Pack\" \/>\n<meta property=\"article:modified_time\" content=\"2026-03-24T01:33:48+00:00\" \/>\n<meta property=\"og:image\" content=\"https:\/\/mrpack.mx\/wp-content\/uploads\/2024\/03\/01ADFALCHR03.jpeg\" \/>\n\t<meta property=\"og:image:width\" content=\"1200\" \/>\n\t<meta property=\"og:image:height\" content=\"1200\" \/>\n\t<meta property=\"og:image:type\" content=\"image\/jpeg\" \/>\n<meta name=\"twitter:card\" content=\"summary_large_image\" \/>\n<script type=\"application\/ld+json\" class=\"yoast-schema-graph\">{\"@context\":\"https:\\\/\\\/schema.org\",\"@graph\":[{\"@type\":\"WebPage\",\"@id\":\"https:\\\/\\\/mrpack.mx\\\/producto\\\/charola-de-aluminio-redonda-23-cm-9\\\/\",\"url\":\"https:\\\/\\\/mrpack.mx\\\/producto\\\/charola-de-aluminio-redonda-23-cm-9\\\/\",\"name\":\"CHAROLA DE ALUMINIO REDONDA 23 CM (9\\\") - Mr Pack\",\"isPartOf\":{\"@id\":\"https:\\\/\\\/mrpack.mx\\\/#website\"},\"primaryImageOfPage\":{\"@id\":\"https:\\\/\\\/mrpack.mx\\\/producto\\\/charola-de-aluminio-redonda-23-cm-9\\\/#primaryimage\"},\"image\":{\"@id\":\"https:\\\/\\\/mrpack.mx\\\/producto\\\/charola-de-aluminio-redonda-23-cm-9\\\/#primaryimage\"},\"thumbnailUrl\":\"https:\\\/\\\/mrpack.mx\\\/wp-content\\\/uploads\\\/2024\\\/03\\\/01ADFALCHR03.jpeg\",\"datePublished\":\"2024-03-06T21:35:15+00:00\",\"dateModified\":\"2026-03-24T01:33:48+00:00\",\"breadcrumb\":{\"@id\":\"https:\\\/\\\/mrpack.mx\\\/producto\\\/charola-de-aluminio-redonda-23-cm-9\\\/#breadcrumb\"},\"inLanguage\":\"en-US\",\"potentialAction\":[{\"@type\":\"ReadAction\",\"target\":[\"https:\\\/\\\/mrpack.mx\\\/producto\\\/charola-de-aluminio-redonda-23-cm-9\\\/\"]}]},{\"@type\":\"ImageObject\",\"inLanguage\":\"en-US\",\"@id\":\"https:\\\/\\\/mrpack.mx\\\/producto\\\/charola-de-aluminio-redonda-23-cm-9\\\/#primaryimage\",\"url\":\"https:\\\/\\\/mrpack.mx\\\/wp-content\\\/uploads\\\/2024\\\/03\\\/01ADFALCHR03.jpeg\",\"contentUrl\":\"https:\\\/\\\/mrpack.mx\\\/wp-content\\\/uploads\\\/2024\\\/03\\\/01ADFALCHR03.jpeg\",\"width\":1200,\"height\":1200},{\"@type\":\"BreadcrumbList\",\"@id\":\"https:\\\/\\\/mrpack.mx\\\/producto\\\/charola-de-aluminio-redonda-23-cm-9\\\/#breadcrumb\",\"itemListElement\":[{\"@type\":\"ListItem\",\"position\":1,\"name\":\"Inicio\",\"item\":\"https:\\\/\\\/mrpack.mx\\\/\"},{\"@type\":\"ListItem\",\"position\":2,\"name\":\"Productos\",\"item\":\"https:\\\/\\\/mrpack.mx\\\/shop\\\/\"},{\"@type\":\"ListItem\",\"position\":3,\"name\":\"CHAROLA DE ALUMINIO REDONDA 23 CM (9&#8243;)\"}]},{\"@type\":\"WebSite\",\"@id\":\"https:\\\/\\\/mrpack.mx\\\/#website\",\"url\":\"https:\\\/\\\/mrpack.mx\\\/\",\"name\":\"Mr Pack\",\"description\":\"Soluciones en empaques, limpieza y ferreter\u00eda\",\"potentialAction\":[{\"@type\":\"SearchAction\",\"target\":{\"@type\":\"EntryPoint\",\"urlTemplate\":\"https:\\\/\\\/mrpack.mx\\\/?s={search_term_string}\"},\"query-input\":{\"@type\":\"PropertyValueSpecification\",\"valueRequired\":true,\"valueName\":\"search_term_string\"}}],\"inLanguage\":\"en-US\"}]}<\/script>\n<!-- \/ Yoast SEO plugin. -->","yoast_head_json":{"title":"CHAROLA DE ALUMINIO REDONDA 23 CM (9\") - Mr Pack","robots":{"index":"index","follow":"follow","max-snippet":"max-snippet:-1","max-image-preview":"max-image-preview:large","max-video-preview":"max-video-preview:-1"},"canonical":"https:\/\/mrpack.mx\/en\/product\/charola-de-aluminio-redonda-23-cm-9\/","og_locale":"en_US","og_type":"article","og_title":"CHAROLA DE ALUMINIO REDONDA 23 CM (9\") - Mr Pack","og_description":"C\u00f3digo: 01ADFCHR03 Medida: 23 CM (9\") Modelo: Redonda Peso:","og_url":"https:\/\/mrpack.mx\/en\/product\/charola-de-aluminio-redonda-23-cm-9\/","og_site_name":"Mr Pack","article_modified_time":"2026-03-24T01:33:48+00:00","og_image":[{"width":1200,"height":1200,"url":"https:\/\/mrpack.mx\/wp-content\/uploads\/2024\/03\/01ADFALCHR03.jpeg","type":"image\/jpeg"}],"twitter_card":"summary_large_image","schema":{"@context":"https:\/\/schema.org","@graph":[{"@type":"WebPage","@id":"https:\/\/mrpack.mx\/producto\/charola-de-aluminio-redonda-23-cm-9\/","url":"https:\/\/mrpack.mx\/producto\/charola-de-aluminio-redonda-23-cm-9\/","name":"CHAROLA DE ALUMINIO REDONDA 23 CM (9\") - Mr Pack","isPartOf":{"@id":"https:\/\/mrpack.mx\/#website"},"primaryImageOfPage":{"@id":"https:\/\/mrpack.mx\/producto\/charola-de-aluminio-redonda-23-cm-9\/#primaryimage"},"image":{"@id":"https:\/\/mrpack.mx\/producto\/charola-de-aluminio-redonda-23-cm-9\/#primaryimage"},"thumbnailUrl":"https:\/\/mrpack.mx\/wp-content\/uploads\/2024\/03\/01ADFALCHR03.jpeg","datePublished":"2024-03-06T21:35:15+00:00","dateModified":"2026-03-24T01:33:48+00:00","breadcrumb":{"@id":"https:\/\/mrpack.mx\/producto\/charola-de-aluminio-redonda-23-cm-9\/#breadcrumb"},"inLanguage":"en-US","potentialAction":[{"@type":"ReadAction","target":["https:\/\/mrpack.mx\/producto\/charola-de-aluminio-redonda-23-cm-9\/"]}]},{"@type":"ImageObject","inLanguage":"en-US","@id":"https:\/\/mrpack.mx\/producto\/charola-de-aluminio-redonda-23-cm-9\/#primaryimage","url":"https:\/\/mrpack.mx\/wp-content\/uploads\/2024\/03\/01ADFALCHR03.jpeg","contentUrl":"https:\/\/mrpack.mx\/wp-content\/uploads\/2024\/03\/01ADFALCHR03.jpeg","width":1200,"height":1200},{"@type":"BreadcrumbList","@id":"https:\/\/mrpack.mx\/producto\/charola-de-aluminio-redonda-23-cm-9\/#breadcrumb","itemListElement":[{"@type":"ListItem","position":1,"name":"Inicio","item":"https:\/\/mrpack.mx\/"},{"@type":"ListItem","position":2,"name":"Productos","item":"https:\/\/mrpack.mx\/shop\/"},{"@type":"ListItem","position":3,"name":"CHAROLA DE ALUMINIO REDONDA 23 CM (9&#8243;)"}]},{"@type":"WebSite","@id":"https:\/\/mrpack.mx\/#website","url":"https:\/\/mrpack.mx\/","name":"Mr Pack","description":"Soluciones en empaques, limpieza y ferreter\u00eda","potentialAction":[{"@type":"SearchAction","target":{"@type":"EntryPoint","urlTemplate":"https:\/\/mrpack.mx\/?s={search_term_string}"},"query-input":{"@type":"PropertyValueSpecification","valueRequired":true,"valueName":"search_term_string"}}],"inLanguage":"en-US"}]}},"_links":{"self":[{"href":"https:\/\/mrpack.mx\/en\/wp-json\/wp\/v2\/product\/702","targetHints":{"allow":["GET"]}}],"collection":[{"href":"https:\/\/mrpack.mx\/en\/wp-json\/wp\/v2\/product"}],"about":[{"href":"https:\/\/mrpack.mx\/en\/wp-json\/wp\/v2\/types\/product"}],"replies":[{"embeddable":true,"href":"https:\/\/mrpack.mx\/en\/wp-json\/wp\/v2\/comments?post=702"}],"version-history":[{"count":1,"href":"https:\/\/mrpack.mx\/en\/wp-json\/wp\/v2\/product\/702\/revisions"}],"predecessor-version":[{"id":9256,"href":"https:\/\/mrpack.mx\/en\/wp-json\/wp\/v2\/product\/702\/revisions\/9256"}],"wp:featuredmedia":[{"embeddable":true,"href":"https:\/\/mrpack.mx\/en\/wp-json\/wp\/v2\/media\/688"}],"wp:attachment":[{"href":"https:\/\/mrpack.mx\/en\/wp-json\/wp\/v2\/media?parent=702"}],"wp:term":[{"taxonomy":"product_brand","embeddable":true,"href":"https:\/\/mrpack.mx\/en\/wp-json\/wp\/v2\/product_brand?post=702"},{"taxonomy":"product_cat","embeddable":true,"href":"https:\/\/mrpack.mx\/en\/wp-json\/wp\/v2\/product_cat?post=702"},{"taxonomy":"product_tag","embeddable":true,"href":"https:\/\/mrpack.mx\/en\/wp-json\/wp\/v2\/product_tag?post=702"}],"curies":[{"name":"wp","href":"https:\/\/api.w.org\/{rel}","templated":true}]}}