{"id":699,"date":"2024-03-06T15:31:37","date_gmt":"2024-03-06T21:31:37","guid":{"rendered":"https:\/\/mrpack.mx\/?post_type=product&#038;p=699"},"modified":"2026-03-23T19:33:48","modified_gmt":"2026-03-24T01:33:48","slug":"charola-de-aluminio-tipo-pollera-26x32x5-cm","status":"publish","type":"product","link":"https:\/\/mrpack.mx\/en\/product\/charola-de-aluminio-tipo-pollera-26x32x5-cm\/","title":{"rendered":"CHAROLA DE ALUMINIO TIPO POLLERA 26X32X5 CM"},"content":{"rendered":"<p>La charola de aluminio es \u00fatil en el uso labores de cocina y food service para restaurantes, hoteles, hospitales, labores dom\u00e9sticas y m\u00e1s. Es ideal como elemento de cocina, por ejemplo, para cocinar pescados, carnes, pollos y m\u00e1s. Por sus propiedades f\u00edsicas el aluminio act\u00faa en estos casos como una barrera contra la luz que acaba degradando las grasas, los olores, las bacterias, y evitando que se gane o pierda humedad.<\/p>\n<p>Venta por Unidad o por caja<br \/>\nCostos individual y mayoreo.<\/p>","protected":false},"excerpt":{"rendered":"<p>C\u00f3digo: 01ADFCHR01<br \/>\nMedida: 26X32X5 CM<br \/>\nModelo: Pollera<br \/>\nM\u00e1yoreo a partir de 50 pzs.<\/p>","protected":false},"featured_media":684,"comment_status":"open","ping_status":"closed","template":"","meta":{"_acf_changed":false},"product_brand":[],"product_cat":[57,52,19,56],"product_tag":[27,51],"class_list":{"0":"post-699","1":"product","2":"type-product","3":"status-publish","4":"has-post-thumbnail","6":"product_cat-charolas-de-aluminio","7":"product_cat-destacados","8":"product_cat-empaque","9":"product_cat-papel-aluminio","10":"product_tag-adir-foil","11":"product_tag-papel-aluminio","13":"first","14":"instock","15":"taxable","16":"shipping-taxable","17":"purchasable","18":"product-type-simple"},"acf":[],"yoast_head":"<!-- This site is optimized with the Yoast SEO plugin v27.4 - https:\/\/yoast.com\/product\/yoast-seo-wordpress\/ -->\n<title>CHAROLA DE ALUMINIO TIPO POLLERA 26X32X5 CM - Mr Pack<\/title>\n<meta name=\"robots\" content=\"index, follow, max-snippet:-1, max-image-preview:large, max-video-preview:-1\" \/>\n<link rel=\"canonical\" href=\"https:\/\/mrpack.mx\/en\/product\/charola-de-aluminio-tipo-pollera-26x32x5-cm\/\" \/>\n<meta property=\"og:locale\" content=\"en_US\" \/>\n<meta property=\"og:type\" content=\"article\" \/>\n<meta property=\"og:title\" content=\"CHAROLA DE ALUMINIO TIPO POLLERA 26X32X5 CM - Mr Pack\" \/>\n<meta property=\"og:description\" content=\"C\u00f3digo: 01ADFCHR01 Medida: 26X32X5 CM Modelo: Pollera M\u00e1yoreo a partir de 50 pzs.\" \/>\n<meta property=\"og:url\" content=\"https:\/\/mrpack.mx\/en\/product\/charola-de-aluminio-tipo-pollera-26x32x5-cm\/\" \/>\n<meta property=\"og:site_name\" content=\"Mr Pack\" \/>\n<meta property=\"article:modified_time\" content=\"2026-03-24T01:33:48+00:00\" \/>\n<meta property=\"og:image\" content=\"https:\/\/mrpack.mx\/wp-content\/uploads\/2024\/03\/01ADFALCHR01.jpeg\" \/>\n\t<meta property=\"og:image:width\" content=\"1200\" \/>\n\t<meta property=\"og:image:height\" content=\"1200\" \/>\n\t<meta property=\"og:image:type\" content=\"image\/jpeg\" \/>\n<meta name=\"twitter:card\" content=\"summary_large_image\" \/>\n<meta name=\"twitter:label1\" content=\"Est. reading time\" \/>\n\t<meta name=\"twitter:data1\" content=\"1 minute\" \/>\n<script type=\"application\/ld+json\" class=\"yoast-schema-graph\">{\"@context\":\"https:\\\/\\\/schema.org\",\"@graph\":[{\"@type\":\"WebPage\",\"@id\":\"https:\\\/\\\/mrpack.mx\\\/producto\\\/charola-de-aluminio-tipo-pollera-26x32x5-cm\\\/\",\"url\":\"https:\\\/\\\/mrpack.mx\\\/producto\\\/charola-de-aluminio-tipo-pollera-26x32x5-cm\\\/\",\"name\":\"CHAROLA DE ALUMINIO TIPO POLLERA 26X32X5 CM - Mr Pack\",\"isPartOf\":{\"@id\":\"https:\\\/\\\/mrpack.mx\\\/#website\"},\"primaryImageOfPage\":{\"@id\":\"https:\\\/\\\/mrpack.mx\\\/producto\\\/charola-de-aluminio-tipo-pollera-26x32x5-cm\\\/#primaryimage\"},\"image\":{\"@id\":\"https:\\\/\\\/mrpack.mx\\\/producto\\\/charola-de-aluminio-tipo-pollera-26x32x5-cm\\\/#primaryimage\"},\"thumbnailUrl\":\"https:\\\/\\\/mrpack.mx\\\/wp-content\\\/uploads\\\/2024\\\/03\\\/01ADFALCHR01.jpeg\",\"datePublished\":\"2024-03-06T21:31:37+00:00\",\"dateModified\":\"2026-03-24T01:33:48+00:00\",\"breadcrumb\":{\"@id\":\"https:\\\/\\\/mrpack.mx\\\/producto\\\/charola-de-aluminio-tipo-pollera-26x32x5-cm\\\/#breadcrumb\"},\"inLanguage\":\"en-US\",\"potentialAction\":[{\"@type\":\"ReadAction\",\"target\":[\"https:\\\/\\\/mrpack.mx\\\/producto\\\/charola-de-aluminio-tipo-pollera-26x32x5-cm\\\/\"]}]},{\"@type\":\"ImageObject\",\"inLanguage\":\"en-US\",\"@id\":\"https:\\\/\\\/mrpack.mx\\\/producto\\\/charola-de-aluminio-tipo-pollera-26x32x5-cm\\\/#primaryimage\",\"url\":\"https:\\\/\\\/mrpack.mx\\\/wp-content\\\/uploads\\\/2024\\\/03\\\/01ADFALCHR01.jpeg\",\"contentUrl\":\"https:\\\/\\\/mrpack.mx\\\/wp-content\\\/uploads\\\/2024\\\/03\\\/01ADFALCHR01.jpeg\",\"width\":1200,\"height\":1200},{\"@type\":\"BreadcrumbList\",\"@id\":\"https:\\\/\\\/mrpack.mx\\\/producto\\\/charola-de-aluminio-tipo-pollera-26x32x5-cm\\\/#breadcrumb\",\"itemListElement\":[{\"@type\":\"ListItem\",\"position\":1,\"name\":\"Inicio\",\"item\":\"https:\\\/\\\/mrpack.mx\\\/\"},{\"@type\":\"ListItem\",\"position\":2,\"name\":\"Productos\",\"item\":\"https:\\\/\\\/mrpack.mx\\\/shop\\\/\"},{\"@type\":\"ListItem\",\"position\":3,\"name\":\"CHAROLA DE ALUMINIO TIPO POLLERA 26X32X5 CM\"}]},{\"@type\":\"WebSite\",\"@id\":\"https:\\\/\\\/mrpack.mx\\\/#website\",\"url\":\"https:\\\/\\\/mrpack.mx\\\/\",\"name\":\"Mr Pack\",\"description\":\"Soluciones en empaques, limpieza y ferreter\u00eda\",\"potentialAction\":[{\"@type\":\"SearchAction\",\"target\":{\"@type\":\"EntryPoint\",\"urlTemplate\":\"https:\\\/\\\/mrpack.mx\\\/?s={search_term_string}\"},\"query-input\":{\"@type\":\"PropertyValueSpecification\",\"valueRequired\":true,\"valueName\":\"search_term_string\"}}],\"inLanguage\":\"en-US\"}]}<\/script>\n<!-- \/ Yoast SEO plugin. -->","yoast_head_json":{"title":"CHAROLA DE ALUMINIO TIPO POLLERA 26X32X5 CM - Mr Pack","robots":{"index":"index","follow":"follow","max-snippet":"max-snippet:-1","max-image-preview":"max-image-preview:large","max-video-preview":"max-video-preview:-1"},"canonical":"https:\/\/mrpack.mx\/en\/product\/charola-de-aluminio-tipo-pollera-26x32x5-cm\/","og_locale":"en_US","og_type":"article","og_title":"CHAROLA DE ALUMINIO TIPO POLLERA 26X32X5 CM - Mr Pack","og_description":"C\u00f3digo: 01ADFCHR01 Medida: 26X32X5 CM Modelo: Pollera M\u00e1yoreo a partir de 50 pzs.","og_url":"https:\/\/mrpack.mx\/en\/product\/charola-de-aluminio-tipo-pollera-26x32x5-cm\/","og_site_name":"Mr Pack","article_modified_time":"2026-03-24T01:33:48+00:00","og_image":[{"width":1200,"height":1200,"url":"https:\/\/mrpack.mx\/wp-content\/uploads\/2024\/03\/01ADFALCHR01.jpeg","type":"image\/jpeg"}],"twitter_card":"summary_large_image","twitter_misc":{"Est. reading time":"1 minute"},"schema":{"@context":"https:\/\/schema.org","@graph":[{"@type":"WebPage","@id":"https:\/\/mrpack.mx\/producto\/charola-de-aluminio-tipo-pollera-26x32x5-cm\/","url":"https:\/\/mrpack.mx\/producto\/charola-de-aluminio-tipo-pollera-26x32x5-cm\/","name":"CHAROLA DE ALUMINIO TIPO POLLERA 26X32X5 CM - Mr Pack","isPartOf":{"@id":"https:\/\/mrpack.mx\/#website"},"primaryImageOfPage":{"@id":"https:\/\/mrpack.mx\/producto\/charola-de-aluminio-tipo-pollera-26x32x5-cm\/#primaryimage"},"image":{"@id":"https:\/\/mrpack.mx\/producto\/charola-de-aluminio-tipo-pollera-26x32x5-cm\/#primaryimage"},"thumbnailUrl":"https:\/\/mrpack.mx\/wp-content\/uploads\/2024\/03\/01ADFALCHR01.jpeg","datePublished":"2024-03-06T21:31:37+00:00","dateModified":"2026-03-24T01:33:48+00:00","breadcrumb":{"@id":"https:\/\/mrpack.mx\/producto\/charola-de-aluminio-tipo-pollera-26x32x5-cm\/#breadcrumb"},"inLanguage":"en-US","potentialAction":[{"@type":"ReadAction","target":["https:\/\/mrpack.mx\/producto\/charola-de-aluminio-tipo-pollera-26x32x5-cm\/"]}]},{"@type":"ImageObject","inLanguage":"en-US","@id":"https:\/\/mrpack.mx\/producto\/charola-de-aluminio-tipo-pollera-26x32x5-cm\/#primaryimage","url":"https:\/\/mrpack.mx\/wp-content\/uploads\/2024\/03\/01ADFALCHR01.jpeg","contentUrl":"https:\/\/mrpack.mx\/wp-content\/uploads\/2024\/03\/01ADFALCHR01.jpeg","width":1200,"height":1200},{"@type":"BreadcrumbList","@id":"https:\/\/mrpack.mx\/producto\/charola-de-aluminio-tipo-pollera-26x32x5-cm\/#breadcrumb","itemListElement":[{"@type":"ListItem","position":1,"name":"Inicio","item":"https:\/\/mrpack.mx\/"},{"@type":"ListItem","position":2,"name":"Productos","item":"https:\/\/mrpack.mx\/shop\/"},{"@type":"ListItem","position":3,"name":"CHAROLA DE ALUMINIO TIPO POLLERA 26X32X5 CM"}]},{"@type":"WebSite","@id":"https:\/\/mrpack.mx\/#website","url":"https:\/\/mrpack.mx\/","name":"Mr Pack","description":"Soluciones en empaques, limpieza y ferreter\u00eda","potentialAction":[{"@type":"SearchAction","target":{"@type":"EntryPoint","urlTemplate":"https:\/\/mrpack.mx\/?s={search_term_string}"},"query-input":{"@type":"PropertyValueSpecification","valueRequired":true,"valueName":"search_term_string"}}],"inLanguage":"en-US"}]}},"_links":{"self":[{"href":"https:\/\/mrpack.mx\/en\/wp-json\/wp\/v2\/product\/699","targetHints":{"allow":["GET"]}}],"collection":[{"href":"https:\/\/mrpack.mx\/en\/wp-json\/wp\/v2\/product"}],"about":[{"href":"https:\/\/mrpack.mx\/en\/wp-json\/wp\/v2\/types\/product"}],"replies":[{"embeddable":true,"href":"https:\/\/mrpack.mx\/en\/wp-json\/wp\/v2\/comments?post=699"}],"version-history":[{"count":1,"href":"https:\/\/mrpack.mx\/en\/wp-json\/wp\/v2\/product\/699\/revisions"}],"predecessor-version":[{"id":9254,"href":"https:\/\/mrpack.mx\/en\/wp-json\/wp\/v2\/product\/699\/revisions\/9254"}],"wp:featuredmedia":[{"embeddable":true,"href":"https:\/\/mrpack.mx\/en\/wp-json\/wp\/v2\/media\/684"}],"wp:attachment":[{"href":"https:\/\/mrpack.mx\/en\/wp-json\/wp\/v2\/media?parent=699"}],"wp:term":[{"taxonomy":"product_brand","embeddable":true,"href":"https:\/\/mrpack.mx\/en\/wp-json\/wp\/v2\/product_brand?post=699"},{"taxonomy":"product_cat","embeddable":true,"href":"https:\/\/mrpack.mx\/en\/wp-json\/wp\/v2\/product_cat?post=699"},{"taxonomy":"product_tag","embeddable":true,"href":"https:\/\/mrpack.mx\/en\/wp-json\/wp\/v2\/product_tag?post=699"}],"curies":[{"name":"wp","href":"https:\/\/api.w.org\/{rel}","templated":true}]}}