{"id":6813,"date":"2024-11-22T10:41:11","date_gmt":"2024-11-22T16:41:11","guid":{"rendered":"https:\/\/mrpack.mx\/?post_type=product&#038;p=6813"},"modified":"2026-03-23T19:41:15","modified_gmt":"2026-03-24T01:41:15","slug":"compresor-de-aire-silencioso-libre-de-aceite-25-l-2-hp","status":"publish","type":"product","link":"https:\/\/mrpack.mx\/en\/product\/compresor-de-aire-silencioso-libre-de-aceite-25-l-2-hp\/","title":{"rendered":"COMPRESOR DE AIRE, SILENCIOSO LIBRE DE ACEITE, 25 L, 2 HP"},"content":{"rendered":"<p>\u201cMotor monof\u00e1sico de 2 HP con bobinas<br \/>\nde cobre 2X mayor durabilidad.<br \/>\nPresi\u00f3n m\u00e1xima de operaci\u00f3n 116 psi.<br \/>\nPresostato con 2 man\u00f3metros (presi\u00f3n<br \/>\nm\u00e1xima del tanque y presi\u00f3n de<br \/>\nsalida regulable).<br \/>\nEncendido manual y autom\u00e1tico para que<br \/>\nel compresor siempre mantenga aire y presi\u00f3n<br \/>\n2 Conexiones r\u00e1pidas de autobloqueo<br \/>\nde lat\u00f3n con salida de 1\/4&#8243;.\u201d<\/p>","protected":false},"excerpt":{"rendered":"<p>C\u00f3digo: <span data-sheets-root=\"1\">17TRP102958<\/span><\/p>","protected":false},"featured_media":6814,"comment_status":"open","ping_status":"closed","template":"","meta":{"_acf_changed":false},"product_brand":[],"product_cat":[21],"product_tag":[23],"class_list":{"0":"post-6813","1":"product","2":"type-product","3":"status-publish","4":"has-post-thumbnail","6":"product_cat-ferreteria","7":"product_tag-truper","9":"first","10":"instock","11":"taxable","12":"shipping-taxable","13":"purchasable","14":"product-type-simple"},"acf":[],"yoast_head":"<!-- This site is optimized with the Yoast SEO plugin v27.4 - https:\/\/yoast.com\/product\/yoast-seo-wordpress\/ -->\n<title>COMPRESOR DE AIRE, SILENCIOSO LIBRE DE ACEITE, 25 L, 2 HP - Mr Pack<\/title>\n<meta name=\"robots\" content=\"index, follow, max-snippet:-1, max-image-preview:large, max-video-preview:-1\" \/>\n<link rel=\"canonical\" href=\"https:\/\/mrpack.mx\/en\/product\/compresor-de-aire-silencioso-libre-de-aceite-25-l-2-hp\/\" \/>\n<meta property=\"og:locale\" content=\"en_US\" \/>\n<meta property=\"og:type\" content=\"article\" \/>\n<meta property=\"og:title\" content=\"COMPRESOR DE AIRE, SILENCIOSO LIBRE DE ACEITE, 25 L, 2 HP - Mr Pack\" \/>\n<meta property=\"og:description\" content=\"C\u00f3digo: 17TRP102958\" \/>\n<meta property=\"og:url\" content=\"https:\/\/mrpack.mx\/en\/product\/compresor-de-aire-silencioso-libre-de-aceite-25-l-2-hp\/\" \/>\n<meta property=\"og:site_name\" content=\"Mr Pack\" \/>\n<meta property=\"article:modified_time\" content=\"2026-03-24T01:41:15+00:00\" \/>\n<meta property=\"og:image\" content=\"https:\/\/mrpack.mx\/wp-content\/uploads\/2024\/11\/COMP-25Q.jpg\" \/>\n\t<meta property=\"og:image:width\" content=\"1800\" \/>\n\t<meta property=\"og:image:height\" content=\"1800\" \/>\n\t<meta property=\"og:image:type\" content=\"image\/jpeg\" \/>\n<meta name=\"twitter:card\" content=\"summary_large_image\" \/>\n<script type=\"application\/ld+json\" class=\"yoast-schema-graph\">{\"@context\":\"https:\\\/\\\/schema.org\",\"@graph\":[{\"@type\":\"WebPage\",\"@id\":\"https:\\\/\\\/mrpack.mx\\\/producto\\\/compresor-de-aire-silencioso-libre-de-aceite-25-l-2-hp\\\/\",\"url\":\"https:\\\/\\\/mrpack.mx\\\/producto\\\/compresor-de-aire-silencioso-libre-de-aceite-25-l-2-hp\\\/\",\"name\":\"COMPRESOR DE AIRE, SILENCIOSO LIBRE DE ACEITE, 25 L, 2 HP - Mr Pack\",\"isPartOf\":{\"@id\":\"https:\\\/\\\/mrpack.mx\\\/#website\"},\"primaryImageOfPage\":{\"@id\":\"https:\\\/\\\/mrpack.mx\\\/producto\\\/compresor-de-aire-silencioso-libre-de-aceite-25-l-2-hp\\\/#primaryimage\"},\"image\":{\"@id\":\"https:\\\/\\\/mrpack.mx\\\/producto\\\/compresor-de-aire-silencioso-libre-de-aceite-25-l-2-hp\\\/#primaryimage\"},\"thumbnailUrl\":\"https:\\\/\\\/mrpack.mx\\\/wp-content\\\/uploads\\\/2024\\\/11\\\/COMP-25Q.jpg\",\"datePublished\":\"2024-11-22T16:41:11+00:00\",\"dateModified\":\"2026-03-24T01:41:15+00:00\",\"breadcrumb\":{\"@id\":\"https:\\\/\\\/mrpack.mx\\\/producto\\\/compresor-de-aire-silencioso-libre-de-aceite-25-l-2-hp\\\/#breadcrumb\"},\"inLanguage\":\"en-US\",\"potentialAction\":[{\"@type\":\"ReadAction\",\"target\":[\"https:\\\/\\\/mrpack.mx\\\/producto\\\/compresor-de-aire-silencioso-libre-de-aceite-25-l-2-hp\\\/\"]}]},{\"@type\":\"ImageObject\",\"inLanguage\":\"en-US\",\"@id\":\"https:\\\/\\\/mrpack.mx\\\/producto\\\/compresor-de-aire-silencioso-libre-de-aceite-25-l-2-hp\\\/#primaryimage\",\"url\":\"https:\\\/\\\/mrpack.mx\\\/wp-content\\\/uploads\\\/2024\\\/11\\\/COMP-25Q.jpg\",\"contentUrl\":\"https:\\\/\\\/mrpack.mx\\\/wp-content\\\/uploads\\\/2024\\\/11\\\/COMP-25Q.jpg\",\"width\":1800,\"height\":1800},{\"@type\":\"BreadcrumbList\",\"@id\":\"https:\\\/\\\/mrpack.mx\\\/producto\\\/compresor-de-aire-silencioso-libre-de-aceite-25-l-2-hp\\\/#breadcrumb\",\"itemListElement\":[{\"@type\":\"ListItem\",\"position\":1,\"name\":\"Inicio\",\"item\":\"https:\\\/\\\/mrpack.mx\\\/\"},{\"@type\":\"ListItem\",\"position\":2,\"name\":\"Productos\",\"item\":\"https:\\\/\\\/mrpack.mx\\\/shop\\\/\"},{\"@type\":\"ListItem\",\"position\":3,\"name\":\"COMPRESOR DE AIRE, SILENCIOSO LIBRE DE ACEITE, 25 L, 2 HP\"}]},{\"@type\":\"WebSite\",\"@id\":\"https:\\\/\\\/mrpack.mx\\\/#website\",\"url\":\"https:\\\/\\\/mrpack.mx\\\/\",\"name\":\"Mr Pack\",\"description\":\"Soluciones en empaques, limpieza y ferreter\u00eda\",\"potentialAction\":[{\"@type\":\"SearchAction\",\"target\":{\"@type\":\"EntryPoint\",\"urlTemplate\":\"https:\\\/\\\/mrpack.mx\\\/?s={search_term_string}\"},\"query-input\":{\"@type\":\"PropertyValueSpecification\",\"valueRequired\":true,\"valueName\":\"search_term_string\"}}],\"inLanguage\":\"en-US\"}]}<\/script>\n<!-- \/ Yoast SEO plugin. -->","yoast_head_json":{"title":"COMPRESOR DE AIRE, SILENCIOSO LIBRE DE ACEITE, 25 L, 2 HP - Mr Pack","robots":{"index":"index","follow":"follow","max-snippet":"max-snippet:-1","max-image-preview":"max-image-preview:large","max-video-preview":"max-video-preview:-1"},"canonical":"https:\/\/mrpack.mx\/en\/product\/compresor-de-aire-silencioso-libre-de-aceite-25-l-2-hp\/","og_locale":"en_US","og_type":"article","og_title":"COMPRESOR DE AIRE, SILENCIOSO LIBRE DE ACEITE, 25 L, 2 HP - Mr Pack","og_description":"C\u00f3digo: 17TRP102958","og_url":"https:\/\/mrpack.mx\/en\/product\/compresor-de-aire-silencioso-libre-de-aceite-25-l-2-hp\/","og_site_name":"Mr Pack","article_modified_time":"2026-03-24T01:41:15+00:00","og_image":[{"width":1800,"height":1800,"url":"https:\/\/mrpack.mx\/wp-content\/uploads\/2024\/11\/COMP-25Q.jpg","type":"image\/jpeg"}],"twitter_card":"summary_large_image","schema":{"@context":"https:\/\/schema.org","@graph":[{"@type":"WebPage","@id":"https:\/\/mrpack.mx\/producto\/compresor-de-aire-silencioso-libre-de-aceite-25-l-2-hp\/","url":"https:\/\/mrpack.mx\/producto\/compresor-de-aire-silencioso-libre-de-aceite-25-l-2-hp\/","name":"COMPRESOR DE AIRE, SILENCIOSO LIBRE DE ACEITE, 25 L, 2 HP - Mr Pack","isPartOf":{"@id":"https:\/\/mrpack.mx\/#website"},"primaryImageOfPage":{"@id":"https:\/\/mrpack.mx\/producto\/compresor-de-aire-silencioso-libre-de-aceite-25-l-2-hp\/#primaryimage"},"image":{"@id":"https:\/\/mrpack.mx\/producto\/compresor-de-aire-silencioso-libre-de-aceite-25-l-2-hp\/#primaryimage"},"thumbnailUrl":"https:\/\/mrpack.mx\/wp-content\/uploads\/2024\/11\/COMP-25Q.jpg","datePublished":"2024-11-22T16:41:11+00:00","dateModified":"2026-03-24T01:41:15+00:00","breadcrumb":{"@id":"https:\/\/mrpack.mx\/producto\/compresor-de-aire-silencioso-libre-de-aceite-25-l-2-hp\/#breadcrumb"},"inLanguage":"en-US","potentialAction":[{"@type":"ReadAction","target":["https:\/\/mrpack.mx\/producto\/compresor-de-aire-silencioso-libre-de-aceite-25-l-2-hp\/"]}]},{"@type":"ImageObject","inLanguage":"en-US","@id":"https:\/\/mrpack.mx\/producto\/compresor-de-aire-silencioso-libre-de-aceite-25-l-2-hp\/#primaryimage","url":"https:\/\/mrpack.mx\/wp-content\/uploads\/2024\/11\/COMP-25Q.jpg","contentUrl":"https:\/\/mrpack.mx\/wp-content\/uploads\/2024\/11\/COMP-25Q.jpg","width":1800,"height":1800},{"@type":"BreadcrumbList","@id":"https:\/\/mrpack.mx\/producto\/compresor-de-aire-silencioso-libre-de-aceite-25-l-2-hp\/#breadcrumb","itemListElement":[{"@type":"ListItem","position":1,"name":"Inicio","item":"https:\/\/mrpack.mx\/"},{"@type":"ListItem","position":2,"name":"Productos","item":"https:\/\/mrpack.mx\/shop\/"},{"@type":"ListItem","position":3,"name":"COMPRESOR DE AIRE, SILENCIOSO LIBRE DE ACEITE, 25 L, 2 HP"}]},{"@type":"WebSite","@id":"https:\/\/mrpack.mx\/#website","url":"https:\/\/mrpack.mx\/","name":"Mr Pack","description":"Soluciones en empaques, limpieza y ferreter\u00eda","potentialAction":[{"@type":"SearchAction","target":{"@type":"EntryPoint","urlTemplate":"https:\/\/mrpack.mx\/?s={search_term_string}"},"query-input":{"@type":"PropertyValueSpecification","valueRequired":true,"valueName":"search_term_string"}}],"inLanguage":"en-US"}]}},"_links":{"self":[{"href":"https:\/\/mrpack.mx\/en\/wp-json\/wp\/v2\/product\/6813","targetHints":{"allow":["GET"]}}],"collection":[{"href":"https:\/\/mrpack.mx\/en\/wp-json\/wp\/v2\/product"}],"about":[{"href":"https:\/\/mrpack.mx\/en\/wp-json\/wp\/v2\/types\/product"}],"replies":[{"embeddable":true,"href":"https:\/\/mrpack.mx\/en\/wp-json\/wp\/v2\/comments?post=6813"}],"version-history":[{"count":0,"href":"https:\/\/mrpack.mx\/en\/wp-json\/wp\/v2\/product\/6813\/revisions"}],"wp:featuredmedia":[{"embeddable":true,"href":"https:\/\/mrpack.mx\/en\/wp-json\/wp\/v2\/media\/6814"}],"wp:attachment":[{"href":"https:\/\/mrpack.mx\/en\/wp-json\/wp\/v2\/media?parent=6813"}],"wp:term":[{"taxonomy":"product_brand","embeddable":true,"href":"https:\/\/mrpack.mx\/en\/wp-json\/wp\/v2\/product_brand?post=6813"},{"taxonomy":"product_cat","embeddable":true,"href":"https:\/\/mrpack.mx\/en\/wp-json\/wp\/v2\/product_cat?post=6813"},{"taxonomy":"product_tag","embeddable":true,"href":"https:\/\/mrpack.mx\/en\/wp-json\/wp\/v2\/product_tag?post=6813"}],"curies":[{"name":"wp","href":"https:\/\/api.w.org\/{rel}","templated":true}]}}