{"id":6563,"date":"2024-11-20T10:05:10","date_gmt":"2024-11-20T16:05:10","guid":{"rendered":"https:\/\/mrpack.mx\/?post_type=product&#038;p=6563"},"modified":"2026-03-23T19:40:54","modified_gmt":"2026-03-24T01:40:54","slug":"inflador-de-cabeza-doble-cuerda-1-4-npt","status":"publish","type":"product","link":"https:\/\/mrpack.mx\/en\/product\/inflador-de-cabeza-doble-cuerda-1-4-npt\/","title":{"rendered":"INFLADOR DE CABEZA DOBLE, CUERDA 1\/4 NPT"},"content":{"rendered":"<p>\u201cPresi\u00f3n m\u00e1xima 600 psi..<br \/>\nConexi\u00f3n con cuerda de 1\/4&#8243; NPT<br \/>\nCuerpo y conector de lat\u00f3n.<br \/>\nCabeza doble que permite f\u00e1cil acceso<br \/>\na v\u00e1lvulas con direcci\u00f3n interna, externa y de cami\u00f3n.\u201d<\/p>","protected":false},"excerpt":{"rendered":"<p>Unidad: 1 Pieza<\/p>\n<p>C\u00f3digo: 17TRP19089<\/p>","protected":false},"featured_media":6564,"comment_status":"open","ping_status":"closed","template":"","meta":{"_acf_changed":false},"product_brand":[],"product_cat":[21],"product_tag":[23],"class_list":{"0":"post-6563","1":"product","2":"type-product","3":"status-publish","4":"has-post-thumbnail","6":"product_cat-ferreteria","7":"product_tag-truper","9":"first","10":"instock","11":"taxable","12":"shipping-taxable","13":"purchasable","14":"product-type-simple"},"acf":[],"yoast_head":"<!-- This site is optimized with the Yoast SEO plugin v27.4 - https:\/\/yoast.com\/product\/yoast-seo-wordpress\/ -->\n<title>INFLADOR DE CABEZA DOBLE, CUERDA 1\/4 NPT - Mr Pack<\/title>\n<meta name=\"robots\" content=\"index, follow, max-snippet:-1, max-image-preview:large, max-video-preview:-1\" \/>\n<link rel=\"canonical\" href=\"https:\/\/mrpack.mx\/en\/product\/inflador-de-cabeza-doble-cuerda-1-4-npt\/\" \/>\n<meta property=\"og:locale\" content=\"en_US\" \/>\n<meta property=\"og:type\" content=\"article\" \/>\n<meta property=\"og:title\" content=\"INFLADOR DE CABEZA DOBLE, CUERDA 1\/4 NPT - Mr Pack\" \/>\n<meta property=\"og:description\" content=\"Unidad: 1 Pieza  C\u00f3digo: 17TRP19089\" \/>\n<meta property=\"og:url\" content=\"https:\/\/mrpack.mx\/en\/product\/inflador-de-cabeza-doble-cuerda-1-4-npt\/\" \/>\n<meta property=\"og:site_name\" content=\"Mr Pack\" \/>\n<meta property=\"article:modified_time\" content=\"2026-03-24T01:40:54+00:00\" \/>\n<meta property=\"og:image\" content=\"https:\/\/mrpack.mx\/wp-content\/uploads\/2024\/11\/VAL-INF-1-4.jpg\" \/>\n\t<meta property=\"og:image:width\" content=\"1800\" \/>\n\t<meta property=\"og:image:height\" content=\"1800\" \/>\n\t<meta property=\"og:image:type\" content=\"image\/jpeg\" \/>\n<meta name=\"twitter:card\" content=\"summary_large_image\" \/>\n<script type=\"application\/ld+json\" class=\"yoast-schema-graph\">{\"@context\":\"https:\\\/\\\/schema.org\",\"@graph\":[{\"@type\":\"WebPage\",\"@id\":\"https:\\\/\\\/mrpack.mx\\\/producto\\\/inflador-de-cabeza-doble-cuerda-1-4-npt\\\/\",\"url\":\"https:\\\/\\\/mrpack.mx\\\/producto\\\/inflador-de-cabeza-doble-cuerda-1-4-npt\\\/\",\"name\":\"INFLADOR DE CABEZA DOBLE, CUERDA 1\\\/4 NPT - Mr Pack\",\"isPartOf\":{\"@id\":\"https:\\\/\\\/mrpack.mx\\\/#website\"},\"primaryImageOfPage\":{\"@id\":\"https:\\\/\\\/mrpack.mx\\\/producto\\\/inflador-de-cabeza-doble-cuerda-1-4-npt\\\/#primaryimage\"},\"image\":{\"@id\":\"https:\\\/\\\/mrpack.mx\\\/producto\\\/inflador-de-cabeza-doble-cuerda-1-4-npt\\\/#primaryimage\"},\"thumbnailUrl\":\"https:\\\/\\\/mrpack.mx\\\/wp-content\\\/uploads\\\/2024\\\/11\\\/VAL-INF-1-4.jpg\",\"datePublished\":\"2024-11-20T16:05:10+00:00\",\"dateModified\":\"2026-03-24T01:40:54+00:00\",\"breadcrumb\":{\"@id\":\"https:\\\/\\\/mrpack.mx\\\/producto\\\/inflador-de-cabeza-doble-cuerda-1-4-npt\\\/#breadcrumb\"},\"inLanguage\":\"en-US\",\"potentialAction\":[{\"@type\":\"ReadAction\",\"target\":[\"https:\\\/\\\/mrpack.mx\\\/producto\\\/inflador-de-cabeza-doble-cuerda-1-4-npt\\\/\"]}]},{\"@type\":\"ImageObject\",\"inLanguage\":\"en-US\",\"@id\":\"https:\\\/\\\/mrpack.mx\\\/producto\\\/inflador-de-cabeza-doble-cuerda-1-4-npt\\\/#primaryimage\",\"url\":\"https:\\\/\\\/mrpack.mx\\\/wp-content\\\/uploads\\\/2024\\\/11\\\/VAL-INF-1-4.jpg\",\"contentUrl\":\"https:\\\/\\\/mrpack.mx\\\/wp-content\\\/uploads\\\/2024\\\/11\\\/VAL-INF-1-4.jpg\",\"width\":1800,\"height\":1800},{\"@type\":\"BreadcrumbList\",\"@id\":\"https:\\\/\\\/mrpack.mx\\\/producto\\\/inflador-de-cabeza-doble-cuerda-1-4-npt\\\/#breadcrumb\",\"itemListElement\":[{\"@type\":\"ListItem\",\"position\":1,\"name\":\"Inicio\",\"item\":\"https:\\\/\\\/mrpack.mx\\\/\"},{\"@type\":\"ListItem\",\"position\":2,\"name\":\"Productos\",\"item\":\"https:\\\/\\\/mrpack.mx\\\/shop\\\/\"},{\"@type\":\"ListItem\",\"position\":3,\"name\":\"INFLADOR DE CABEZA DOBLE, CUERDA 1\\\/4 NPT\"}]},{\"@type\":\"WebSite\",\"@id\":\"https:\\\/\\\/mrpack.mx\\\/#website\",\"url\":\"https:\\\/\\\/mrpack.mx\\\/\",\"name\":\"Mr Pack\",\"description\":\"Soluciones en empaques, limpieza y ferreter\u00eda\",\"potentialAction\":[{\"@type\":\"SearchAction\",\"target\":{\"@type\":\"EntryPoint\",\"urlTemplate\":\"https:\\\/\\\/mrpack.mx\\\/?s={search_term_string}\"},\"query-input\":{\"@type\":\"PropertyValueSpecification\",\"valueRequired\":true,\"valueName\":\"search_term_string\"}}],\"inLanguage\":\"en-US\"}]}<\/script>\n<!-- \/ Yoast SEO plugin. -->","yoast_head_json":{"title":"INFLADOR DE CABEZA DOBLE, CUERDA 1\/4 NPT - Mr Pack","robots":{"index":"index","follow":"follow","max-snippet":"max-snippet:-1","max-image-preview":"max-image-preview:large","max-video-preview":"max-video-preview:-1"},"canonical":"https:\/\/mrpack.mx\/en\/product\/inflador-de-cabeza-doble-cuerda-1-4-npt\/","og_locale":"en_US","og_type":"article","og_title":"INFLADOR DE CABEZA DOBLE, CUERDA 1\/4 NPT - Mr Pack","og_description":"Unidad: 1 Pieza  C\u00f3digo: 17TRP19089","og_url":"https:\/\/mrpack.mx\/en\/product\/inflador-de-cabeza-doble-cuerda-1-4-npt\/","og_site_name":"Mr Pack","article_modified_time":"2026-03-24T01:40:54+00:00","og_image":[{"width":1800,"height":1800,"url":"https:\/\/mrpack.mx\/wp-content\/uploads\/2024\/11\/VAL-INF-1-4.jpg","type":"image\/jpeg"}],"twitter_card":"summary_large_image","schema":{"@context":"https:\/\/schema.org","@graph":[{"@type":"WebPage","@id":"https:\/\/mrpack.mx\/producto\/inflador-de-cabeza-doble-cuerda-1-4-npt\/","url":"https:\/\/mrpack.mx\/producto\/inflador-de-cabeza-doble-cuerda-1-4-npt\/","name":"INFLADOR DE CABEZA DOBLE, CUERDA 1\/4 NPT - Mr Pack","isPartOf":{"@id":"https:\/\/mrpack.mx\/#website"},"primaryImageOfPage":{"@id":"https:\/\/mrpack.mx\/producto\/inflador-de-cabeza-doble-cuerda-1-4-npt\/#primaryimage"},"image":{"@id":"https:\/\/mrpack.mx\/producto\/inflador-de-cabeza-doble-cuerda-1-4-npt\/#primaryimage"},"thumbnailUrl":"https:\/\/mrpack.mx\/wp-content\/uploads\/2024\/11\/VAL-INF-1-4.jpg","datePublished":"2024-11-20T16:05:10+00:00","dateModified":"2026-03-24T01:40:54+00:00","breadcrumb":{"@id":"https:\/\/mrpack.mx\/producto\/inflador-de-cabeza-doble-cuerda-1-4-npt\/#breadcrumb"},"inLanguage":"en-US","potentialAction":[{"@type":"ReadAction","target":["https:\/\/mrpack.mx\/producto\/inflador-de-cabeza-doble-cuerda-1-4-npt\/"]}]},{"@type":"ImageObject","inLanguage":"en-US","@id":"https:\/\/mrpack.mx\/producto\/inflador-de-cabeza-doble-cuerda-1-4-npt\/#primaryimage","url":"https:\/\/mrpack.mx\/wp-content\/uploads\/2024\/11\/VAL-INF-1-4.jpg","contentUrl":"https:\/\/mrpack.mx\/wp-content\/uploads\/2024\/11\/VAL-INF-1-4.jpg","width":1800,"height":1800},{"@type":"BreadcrumbList","@id":"https:\/\/mrpack.mx\/producto\/inflador-de-cabeza-doble-cuerda-1-4-npt\/#breadcrumb","itemListElement":[{"@type":"ListItem","position":1,"name":"Inicio","item":"https:\/\/mrpack.mx\/"},{"@type":"ListItem","position":2,"name":"Productos","item":"https:\/\/mrpack.mx\/shop\/"},{"@type":"ListItem","position":3,"name":"INFLADOR DE CABEZA DOBLE, CUERDA 1\/4 NPT"}]},{"@type":"WebSite","@id":"https:\/\/mrpack.mx\/#website","url":"https:\/\/mrpack.mx\/","name":"Mr Pack","description":"Soluciones en empaques, limpieza y ferreter\u00eda","potentialAction":[{"@type":"SearchAction","target":{"@type":"EntryPoint","urlTemplate":"https:\/\/mrpack.mx\/?s={search_term_string}"},"query-input":{"@type":"PropertyValueSpecification","valueRequired":true,"valueName":"search_term_string"}}],"inLanguage":"en-US"}]}},"_links":{"self":[{"href":"https:\/\/mrpack.mx\/en\/wp-json\/wp\/v2\/product\/6563","targetHints":{"allow":["GET"]}}],"collection":[{"href":"https:\/\/mrpack.mx\/en\/wp-json\/wp\/v2\/product"}],"about":[{"href":"https:\/\/mrpack.mx\/en\/wp-json\/wp\/v2\/types\/product"}],"replies":[{"embeddable":true,"href":"https:\/\/mrpack.mx\/en\/wp-json\/wp\/v2\/comments?post=6563"}],"version-history":[{"count":0,"href":"https:\/\/mrpack.mx\/en\/wp-json\/wp\/v2\/product\/6563\/revisions"}],"wp:featuredmedia":[{"embeddable":true,"href":"https:\/\/mrpack.mx\/en\/wp-json\/wp\/v2\/media\/6564"}],"wp:attachment":[{"href":"https:\/\/mrpack.mx\/en\/wp-json\/wp\/v2\/media?parent=6563"}],"wp:term":[{"taxonomy":"product_brand","embeddable":true,"href":"https:\/\/mrpack.mx\/en\/wp-json\/wp\/v2\/product_brand?post=6563"},{"taxonomy":"product_cat","embeddable":true,"href":"https:\/\/mrpack.mx\/en\/wp-json\/wp\/v2\/product_cat?post=6563"},{"taxonomy":"product_tag","embeddable":true,"href":"https:\/\/mrpack.mx\/en\/wp-json\/wp\/v2\/product_tag?post=6563"}],"curies":[{"name":"wp","href":"https:\/\/api.w.org\/{rel}","templated":true}]}}