{"id":559,"date":"2024-01-16T11:46:55","date_gmt":"2024-01-16T17:46:55","guid":{"rendered":"https:\/\/mrpack.mx\/?post_type=product&#038;p=559"},"modified":"2026-04-11T12:20:27","modified_gmt":"2026-04-11T18:20:27","slug":"rollo-color-azul-para-uso-rudo-de-475-hojas-b90","status":"publish","type":"product","link":"https:\/\/mrpack.mx\/en\/product\/rollo-color-azul-para-uso-rudo-de-475-hojas-b90\/","title":{"rendered":"ROLLO COLOR AZUL PARA USO RUDO DE 475 HOJAS B90"},"content":{"rendered":"<p>Aplicaciones:<\/p>\n<ul>\n<li>Pueden ser utilizados para limpieza general<\/li>\n<li>Absorben mayor cantidad de l\u00edquidos y soporta contacto con \u00e1cidos, solventes, qu\u00edmicos, pinturas y otros materiales.<\/li>\n<li>No rayan<\/li>\n<li>No dejan pelusa<\/li>\n<\/ul>\n<p>Caracter\u00edsticas:<\/p>\n<ul>\n<li>Ideales para el reemplazo de trapos que son productos que no cumplen con la calidad necesaria para efectuar una tarea de mantenimiento, ya que no absorben de la misma manera, y pueden ocasionar problemas de calidad<\/li>\n<li>Elecci\u00f3n econ\u00f3mica<\/li>\n<li>Absorben 5 veces su peso<\/li>\n<li>Reutilizables seg\u00fan su usp<\/li>\n<\/ul>\n<p>&nbsp;<\/p>\n<p>&nbsp;<\/p>","protected":false},"excerpt":{"rendered":"<p>Unidad: Rollo<br \/>\nC\u00f3digo: 12GVW30354<br \/>\nFamilia: Pa\u00f1os<br \/>\nTipo de material: Textil NO tejido<br \/>\nPeso por metro cuadrado del material: 92~94 gsm<br \/>\nDescripci\u00f3n del producto: Rollo perforado<br \/>\nMedidas de hoja: 30 cm X 35cm<br \/>\nPeso: 4.5 Kg +\/-1kg<br \/>\nColor de las hojas: Azul<br \/>\nCantidad total: 475 hojas<br \/>\nCaracter\u00edsticas: Material absorbente hasta 5 veces su peso, absorbente universal, resistente, bajo desprendimiento de residuos, no rayan.<\/p>\n<p>&nbsp;<\/p>","protected":false},"featured_media":575,"comment_status":"open","ping_status":"closed","template":"","meta":{"_acf_changed":false},"product_brand":[],"product_cat":[20,53],"product_tag":[49,24],"class_list":{"0":"post-559","1":"product","2":"type-product","3":"status-publish","4":"has-post-thumbnail","6":"product_cat-limpieza","7":"product_cat-panos-multiusos","8":"product_tag-panos-multiusos-para-limpieza","9":"product_tag-vereto","10":"product_shipping_class-10kg-envio","12":"first","13":"instock","14":"taxable","15":"shipping-taxable","16":"purchasable","17":"product-type-simple"},"acf":[],"yoast_head":"<!-- This site is optimized with the Yoast SEO plugin v27.4 - https:\/\/yoast.com\/product\/yoast-seo-wordpress\/ -->\n<title>ROLLO COLOR AZUL PARA USO RUDO DE 475 HOJAS B90 - Mr Pack<\/title>\n<meta name=\"robots\" content=\"index, follow, max-snippet:-1, max-image-preview:large, max-video-preview:-1\" \/>\n<link rel=\"canonical\" href=\"https:\/\/mrpack.mx\/en\/product\/rollo-color-azul-para-uso-rudo-de-475-hojas-b90\/\" \/>\n<meta property=\"og:locale\" content=\"en_US\" \/>\n<meta property=\"og:type\" content=\"article\" \/>\n<meta property=\"og:title\" content=\"ROLLO COLOR AZUL PARA USO RUDO DE 475 HOJAS B90 - Mr Pack\" \/>\n<meta property=\"og:description\" content=\"Unidad: Rollo C\u00f3digo: 12GVW30354 Familia: Pa\u00f1os Tipo de material: Textil NO tejido Peso por metro cuadrado del material: 92~94 gsm Descripci\u00f3n del producto: Rollo perforado Medidas de hoja: 30 cm X 35cm Peso: 4.5 Kg +\/-1kg Color de las hojas: Azul Cantidad total: 475 hojas Caracter\u00edsticas: Material absorbente hasta 5 veces su peso, absorbente universal, resistente, bajo desprendimiento de residuos, no rayan.  &nbsp;\" \/>\n<meta property=\"og:url\" content=\"https:\/\/mrpack.mx\/en\/product\/rollo-color-azul-para-uso-rudo-de-475-hojas-b90\/\" \/>\n<meta property=\"og:site_name\" content=\"Mr Pack\" \/>\n<meta property=\"article:modified_time\" content=\"2026-04-11T18:20:27+00:00\" \/>\n<meta property=\"og:image\" content=\"https:\/\/mrpack.mx\/wp-content\/uploads\/2024\/01\/12GVW30354.jpg\" \/>\n\t<meta property=\"og:image:width\" content=\"1000\" \/>\n\t<meta property=\"og:image:height\" content=\"1000\" \/>\n\t<meta property=\"og:image:type\" content=\"image\/jpeg\" \/>\n<meta name=\"twitter:card\" content=\"summary_large_image\" \/>\n<meta name=\"twitter:label1\" content=\"Est. reading time\" \/>\n\t<meta name=\"twitter:data1\" content=\"1 minute\" \/>\n<script type=\"application\/ld+json\" class=\"yoast-schema-graph\">{\"@context\":\"https:\\\/\\\/schema.org\",\"@graph\":[{\"@type\":\"WebPage\",\"@id\":\"https:\\\/\\\/mrpack.mx\\\/producto\\\/rollo-color-azul-para-uso-rudo-de-475-hojas-b90\\\/\",\"url\":\"https:\\\/\\\/mrpack.mx\\\/producto\\\/rollo-color-azul-para-uso-rudo-de-475-hojas-b90\\\/\",\"name\":\"ROLLO COLOR AZUL PARA USO RUDO DE 475 HOJAS B90 - Mr Pack\",\"isPartOf\":{\"@id\":\"https:\\\/\\\/mrpack.mx\\\/#website\"},\"primaryImageOfPage\":{\"@id\":\"https:\\\/\\\/mrpack.mx\\\/producto\\\/rollo-color-azul-para-uso-rudo-de-475-hojas-b90\\\/#primaryimage\"},\"image\":{\"@id\":\"https:\\\/\\\/mrpack.mx\\\/producto\\\/rollo-color-azul-para-uso-rudo-de-475-hojas-b90\\\/#primaryimage\"},\"thumbnailUrl\":\"https:\\\/\\\/mrpack.mx\\\/wp-content\\\/uploads\\\/2024\\\/01\\\/12GVW30354.jpg\",\"datePublished\":\"2024-01-16T17:46:55+00:00\",\"dateModified\":\"2026-04-11T18:20:27+00:00\",\"breadcrumb\":{\"@id\":\"https:\\\/\\\/mrpack.mx\\\/producto\\\/rollo-color-azul-para-uso-rudo-de-475-hojas-b90\\\/#breadcrumb\"},\"inLanguage\":\"en-US\",\"potentialAction\":[{\"@type\":\"ReadAction\",\"target\":[\"https:\\\/\\\/mrpack.mx\\\/producto\\\/rollo-color-azul-para-uso-rudo-de-475-hojas-b90\\\/\"]}]},{\"@type\":\"ImageObject\",\"inLanguage\":\"en-US\",\"@id\":\"https:\\\/\\\/mrpack.mx\\\/producto\\\/rollo-color-azul-para-uso-rudo-de-475-hojas-b90\\\/#primaryimage\",\"url\":\"https:\\\/\\\/mrpack.mx\\\/wp-content\\\/uploads\\\/2024\\\/01\\\/12GVW30354.jpg\",\"contentUrl\":\"https:\\\/\\\/mrpack.mx\\\/wp-content\\\/uploads\\\/2024\\\/01\\\/12GVW30354.jpg\",\"width\":1000,\"height\":1000},{\"@type\":\"BreadcrumbList\",\"@id\":\"https:\\\/\\\/mrpack.mx\\\/producto\\\/rollo-color-azul-para-uso-rudo-de-475-hojas-b90\\\/#breadcrumb\",\"itemListElement\":[{\"@type\":\"ListItem\",\"position\":1,\"name\":\"Inicio\",\"item\":\"https:\\\/\\\/mrpack.mx\\\/\"},{\"@type\":\"ListItem\",\"position\":2,\"name\":\"Productos\",\"item\":\"https:\\\/\\\/mrpack.mx\\\/shop\\\/\"},{\"@type\":\"ListItem\",\"position\":3,\"name\":\"ROLLO COLOR AZUL PARA USO RUDO DE 475 HOJAS B90\"}]},{\"@type\":\"WebSite\",\"@id\":\"https:\\\/\\\/mrpack.mx\\\/#website\",\"url\":\"https:\\\/\\\/mrpack.mx\\\/\",\"name\":\"Mr Pack\",\"description\":\"Soluciones en empaques, limpieza y ferreter\u00eda\",\"potentialAction\":[{\"@type\":\"SearchAction\",\"target\":{\"@type\":\"EntryPoint\",\"urlTemplate\":\"https:\\\/\\\/mrpack.mx\\\/?s={search_term_string}\"},\"query-input\":{\"@type\":\"PropertyValueSpecification\",\"valueRequired\":true,\"valueName\":\"search_term_string\"}}],\"inLanguage\":\"en-US\"}]}<\/script>\n<!-- \/ Yoast SEO plugin. -->","yoast_head_json":{"title":"ROLLO COLOR AZUL PARA USO RUDO DE 475 HOJAS B90 - Mr Pack","robots":{"index":"index","follow":"follow","max-snippet":"max-snippet:-1","max-image-preview":"max-image-preview:large","max-video-preview":"max-video-preview:-1"},"canonical":"https:\/\/mrpack.mx\/en\/product\/rollo-color-azul-para-uso-rudo-de-475-hojas-b90\/","og_locale":"en_US","og_type":"article","og_title":"ROLLO COLOR AZUL PARA USO RUDO DE 475 HOJAS B90 - Mr Pack","og_description":"Unidad: Rollo C\u00f3digo: 12GVW30354 Familia: Pa\u00f1os Tipo de material: Textil NO tejido Peso por metro cuadrado del material: 92~94 gsm Descripci\u00f3n del producto: Rollo perforado Medidas de hoja: 30 cm X 35cm Peso: 4.5 Kg +\/-1kg Color de las hojas: Azul Cantidad total: 475 hojas Caracter\u00edsticas: Material absorbente hasta 5 veces su peso, absorbente universal, resistente, bajo desprendimiento de residuos, no rayan.  &nbsp;","og_url":"https:\/\/mrpack.mx\/en\/product\/rollo-color-azul-para-uso-rudo-de-475-hojas-b90\/","og_site_name":"Mr Pack","article_modified_time":"2026-04-11T18:20:27+00:00","og_image":[{"width":1000,"height":1000,"url":"https:\/\/mrpack.mx\/wp-content\/uploads\/2024\/01\/12GVW30354.jpg","type":"image\/jpeg"}],"twitter_card":"summary_large_image","twitter_misc":{"Est. reading time":"1 minute"},"schema":{"@context":"https:\/\/schema.org","@graph":[{"@type":"WebPage","@id":"https:\/\/mrpack.mx\/producto\/rollo-color-azul-para-uso-rudo-de-475-hojas-b90\/","url":"https:\/\/mrpack.mx\/producto\/rollo-color-azul-para-uso-rudo-de-475-hojas-b90\/","name":"ROLLO COLOR AZUL PARA USO RUDO DE 475 HOJAS B90 - Mr Pack","isPartOf":{"@id":"https:\/\/mrpack.mx\/#website"},"primaryImageOfPage":{"@id":"https:\/\/mrpack.mx\/producto\/rollo-color-azul-para-uso-rudo-de-475-hojas-b90\/#primaryimage"},"image":{"@id":"https:\/\/mrpack.mx\/producto\/rollo-color-azul-para-uso-rudo-de-475-hojas-b90\/#primaryimage"},"thumbnailUrl":"https:\/\/mrpack.mx\/wp-content\/uploads\/2024\/01\/12GVW30354.jpg","datePublished":"2024-01-16T17:46:55+00:00","dateModified":"2026-04-11T18:20:27+00:00","breadcrumb":{"@id":"https:\/\/mrpack.mx\/producto\/rollo-color-azul-para-uso-rudo-de-475-hojas-b90\/#breadcrumb"},"inLanguage":"en-US","potentialAction":[{"@type":"ReadAction","target":["https:\/\/mrpack.mx\/producto\/rollo-color-azul-para-uso-rudo-de-475-hojas-b90\/"]}]},{"@type":"ImageObject","inLanguage":"en-US","@id":"https:\/\/mrpack.mx\/producto\/rollo-color-azul-para-uso-rudo-de-475-hojas-b90\/#primaryimage","url":"https:\/\/mrpack.mx\/wp-content\/uploads\/2024\/01\/12GVW30354.jpg","contentUrl":"https:\/\/mrpack.mx\/wp-content\/uploads\/2024\/01\/12GVW30354.jpg","width":1000,"height":1000},{"@type":"BreadcrumbList","@id":"https:\/\/mrpack.mx\/producto\/rollo-color-azul-para-uso-rudo-de-475-hojas-b90\/#breadcrumb","itemListElement":[{"@type":"ListItem","position":1,"name":"Inicio","item":"https:\/\/mrpack.mx\/"},{"@type":"ListItem","position":2,"name":"Productos","item":"https:\/\/mrpack.mx\/shop\/"},{"@type":"ListItem","position":3,"name":"ROLLO COLOR AZUL PARA USO RUDO DE 475 HOJAS B90"}]},{"@type":"WebSite","@id":"https:\/\/mrpack.mx\/#website","url":"https:\/\/mrpack.mx\/","name":"Mr Pack","description":"Soluciones en empaques, limpieza y ferreter\u00eda","potentialAction":[{"@type":"SearchAction","target":{"@type":"EntryPoint","urlTemplate":"https:\/\/mrpack.mx\/?s={search_term_string}"},"query-input":{"@type":"PropertyValueSpecification","valueRequired":true,"valueName":"search_term_string"}}],"inLanguage":"en-US"}]}},"_links":{"self":[{"href":"https:\/\/mrpack.mx\/en\/wp-json\/wp\/v2\/product\/559","targetHints":{"allow":["GET"]}}],"collection":[{"href":"https:\/\/mrpack.mx\/en\/wp-json\/wp\/v2\/product"}],"about":[{"href":"https:\/\/mrpack.mx\/en\/wp-json\/wp\/v2\/types\/product"}],"replies":[{"embeddable":true,"href":"https:\/\/mrpack.mx\/en\/wp-json\/wp\/v2\/comments?post=559"}],"version-history":[{"count":1,"href":"https:\/\/mrpack.mx\/en\/wp-json\/wp\/v2\/product\/559\/revisions"}],"predecessor-version":[{"id":9341,"href":"https:\/\/mrpack.mx\/en\/wp-json\/wp\/v2\/product\/559\/revisions\/9341"}],"wp:featuredmedia":[{"embeddable":true,"href":"https:\/\/mrpack.mx\/en\/wp-json\/wp\/v2\/media\/575"}],"wp:attachment":[{"href":"https:\/\/mrpack.mx\/en\/wp-json\/wp\/v2\/media?parent=559"}],"wp:term":[{"taxonomy":"product_brand","embeddable":true,"href":"https:\/\/mrpack.mx\/en\/wp-json\/wp\/v2\/product_brand?post=559"},{"taxonomy":"product_cat","embeddable":true,"href":"https:\/\/mrpack.mx\/en\/wp-json\/wp\/v2\/product_cat?post=559"},{"taxonomy":"product_tag","embeddable":true,"href":"https:\/\/mrpack.mx\/en\/wp-json\/wp\/v2\/product_tag?post=559"}],"curies":[{"name":"wp","href":"https:\/\/api.w.org\/{rel}","templated":true}]}}