{"id":1969,"date":"2024-08-16T15:09:22","date_gmt":"2024-08-16T21:09:22","guid":{"rendered":"https:\/\/mrpack.mx\/?post_type=product&#038;p=1969"},"modified":"2026-03-23T19:44:36","modified_gmt":"2026-03-24T01:44:36","slug":"valvula-interna-de-seguridad-para-tanque-estacionario-1","status":"publish","type":"product","link":"https:\/\/mrpack.mx\/en\/product\/valvula-interna-de-seguridad-para-tanque-estacionario-1\/","title":{"rendered":"V\u00c1LVULA INTERNA DE SEGURIDAD PARA TANQUE ESTACIONARIO, 1&#8242;"},"content":{"rendered":"<p>&#8220;Cuerpo de lat\u00f3n para m\u00e1xima duraci\u00f3n<br \/>\nSello de NBR<br \/>\nResorte de acero tropicalizado<br \/>\nPara usar como v\u00e1lvula de alivio principal<br \/>\nPara tanques con capacidad m\u00e1xima de 300 L&#8221;<\/p>\n<p>&#8220;Presi\u00f3n de apertura m\u00e1xima: 1,897 kPa (275 PSI)<br \/>\nPresi\u00f3n de apertura m\u00ednima: 1,723 kPa (250 PSI)<br \/>\nCapacidad de desfogue : 24 m\u00b3\/min<br \/>\nConexi\u00f3n a tanque: 1&#8243;&#8221; &#8211; 11.5 NPT<br \/>\nMedida del hex\u00e1gono: 1 3\/8&#8243;&#8221;&#8221;<\/p>\n<p>&nbsp;<\/p>","protected":false},"excerpt":{"rendered":"<p>Unidad: 1 Pieza<\/p>\n<p>C\u00f3digo: 17TRP47655<\/p>","protected":false},"featured_media":1970,"comment_status":"open","ping_status":"closed","template":"","meta":{"_acf_changed":false},"product_brand":[],"product_cat":[15],"product_tag":[41],"class_list":{"0":"post-1969","1":"product","2":"type-product","3":"status-publish","4":"has-post-thumbnail","6":"product_cat-hidraulico","7":"product_tag-foset","9":"first","10":"instock","11":"taxable","12":"shipping-taxable","13":"purchasable","14":"product-type-simple"},"acf":[],"yoast_head":"<!-- This site is optimized with the Yoast SEO plugin v27.4 - https:\/\/yoast.com\/product\/yoast-seo-wordpress\/ -->\n<title>V\u00c1LVULA INTERNA DE SEGURIDAD PARA TANQUE ESTACIONARIO, 1&#039; - Mr Pack<\/title>\n<meta name=\"robots\" content=\"index, follow, max-snippet:-1, max-image-preview:large, max-video-preview:-1\" \/>\n<link rel=\"canonical\" href=\"https:\/\/mrpack.mx\/en\/product\/valvula-interna-de-seguridad-para-tanque-estacionario-1\/\" \/>\n<meta property=\"og:locale\" content=\"en_US\" \/>\n<meta property=\"og:type\" content=\"article\" \/>\n<meta property=\"og:title\" content=\"V\u00c1LVULA INTERNA DE SEGURIDAD PARA TANQUE ESTACIONARIO, 1&#039; - Mr Pack\" \/>\n<meta property=\"og:description\" content=\"Unidad: 1 Pieza  C\u00f3digo: 17TRP47655\" \/>\n<meta property=\"og:url\" content=\"https:\/\/mrpack.mx\/en\/product\/valvula-interna-de-seguridad-para-tanque-estacionario-1\/\" \/>\n<meta property=\"og:site_name\" content=\"Mr Pack\" \/>\n<meta property=\"article:modified_time\" content=\"2026-03-24T01:44:36+00:00\" \/>\n<meta property=\"og:image\" content=\"https:\/\/mrpack.mx\/wp-content\/uploads\/2024\/08\/VGC-564_17TRP47655.jpg\" \/>\n\t<meta property=\"og:image:width\" content=\"1200\" \/>\n\t<meta property=\"og:image:height\" content=\"1200\" \/>\n\t<meta property=\"og:image:type\" content=\"image\/jpeg\" \/>\n<meta name=\"twitter:card\" content=\"summary_large_image\" \/>\n<script type=\"application\/ld+json\" class=\"yoast-schema-graph\">{\"@context\":\"https:\\\/\\\/schema.org\",\"@graph\":[{\"@type\":\"WebPage\",\"@id\":\"https:\\\/\\\/mrpack.mx\\\/producto\\\/valvula-interna-de-seguridad-para-tanque-estacionario-1\\\/\",\"url\":\"https:\\\/\\\/mrpack.mx\\\/producto\\\/valvula-interna-de-seguridad-para-tanque-estacionario-1\\\/\",\"name\":\"V\u00c1LVULA INTERNA DE SEGURIDAD PARA TANQUE ESTACIONARIO, 1' - Mr Pack\",\"isPartOf\":{\"@id\":\"https:\\\/\\\/mrpack.mx\\\/#website\"},\"primaryImageOfPage\":{\"@id\":\"https:\\\/\\\/mrpack.mx\\\/producto\\\/valvula-interna-de-seguridad-para-tanque-estacionario-1\\\/#primaryimage\"},\"image\":{\"@id\":\"https:\\\/\\\/mrpack.mx\\\/producto\\\/valvula-interna-de-seguridad-para-tanque-estacionario-1\\\/#primaryimage\"},\"thumbnailUrl\":\"https:\\\/\\\/mrpack.mx\\\/wp-content\\\/uploads\\\/2024\\\/08\\\/VGC-564_17TRP47655.jpg\",\"datePublished\":\"2024-08-16T21:09:22+00:00\",\"dateModified\":\"2026-03-24T01:44:36+00:00\",\"breadcrumb\":{\"@id\":\"https:\\\/\\\/mrpack.mx\\\/producto\\\/valvula-interna-de-seguridad-para-tanque-estacionario-1\\\/#breadcrumb\"},\"inLanguage\":\"en-US\",\"potentialAction\":[{\"@type\":\"ReadAction\",\"target\":[\"https:\\\/\\\/mrpack.mx\\\/producto\\\/valvula-interna-de-seguridad-para-tanque-estacionario-1\\\/\"]}]},{\"@type\":\"ImageObject\",\"inLanguage\":\"en-US\",\"@id\":\"https:\\\/\\\/mrpack.mx\\\/producto\\\/valvula-interna-de-seguridad-para-tanque-estacionario-1\\\/#primaryimage\",\"url\":\"https:\\\/\\\/mrpack.mx\\\/wp-content\\\/uploads\\\/2024\\\/08\\\/VGC-564_17TRP47655.jpg\",\"contentUrl\":\"https:\\\/\\\/mrpack.mx\\\/wp-content\\\/uploads\\\/2024\\\/08\\\/VGC-564_17TRP47655.jpg\",\"width\":1200,\"height\":1200},{\"@type\":\"BreadcrumbList\",\"@id\":\"https:\\\/\\\/mrpack.mx\\\/producto\\\/valvula-interna-de-seguridad-para-tanque-estacionario-1\\\/#breadcrumb\",\"itemListElement\":[{\"@type\":\"ListItem\",\"position\":1,\"name\":\"Inicio\",\"item\":\"https:\\\/\\\/mrpack.mx\\\/\"},{\"@type\":\"ListItem\",\"position\":2,\"name\":\"Productos\",\"item\":\"https:\\\/\\\/mrpack.mx\\\/shop\\\/\"},{\"@type\":\"ListItem\",\"position\":3,\"name\":\"V\u00c1LVULA INTERNA DE SEGURIDAD PARA TANQUE ESTACIONARIO, 1&#8242;\"}]},{\"@type\":\"WebSite\",\"@id\":\"https:\\\/\\\/mrpack.mx\\\/#website\",\"url\":\"https:\\\/\\\/mrpack.mx\\\/\",\"name\":\"Mr Pack\",\"description\":\"Soluciones en empaques, limpieza y ferreter\u00eda\",\"potentialAction\":[{\"@type\":\"SearchAction\",\"target\":{\"@type\":\"EntryPoint\",\"urlTemplate\":\"https:\\\/\\\/mrpack.mx\\\/?s={search_term_string}\"},\"query-input\":{\"@type\":\"PropertyValueSpecification\",\"valueRequired\":true,\"valueName\":\"search_term_string\"}}],\"inLanguage\":\"en-US\"}]}<\/script>\n<!-- \/ Yoast SEO plugin. -->","yoast_head_json":{"title":"V\u00c1LVULA INTERNA DE SEGURIDAD PARA TANQUE ESTACIONARIO, 1' - Mr Pack","robots":{"index":"index","follow":"follow","max-snippet":"max-snippet:-1","max-image-preview":"max-image-preview:large","max-video-preview":"max-video-preview:-1"},"canonical":"https:\/\/mrpack.mx\/en\/product\/valvula-interna-de-seguridad-para-tanque-estacionario-1\/","og_locale":"en_US","og_type":"article","og_title":"V\u00c1LVULA INTERNA DE SEGURIDAD PARA TANQUE ESTACIONARIO, 1' - Mr Pack","og_description":"Unidad: 1 Pieza  C\u00f3digo: 17TRP47655","og_url":"https:\/\/mrpack.mx\/en\/product\/valvula-interna-de-seguridad-para-tanque-estacionario-1\/","og_site_name":"Mr Pack","article_modified_time":"2026-03-24T01:44:36+00:00","og_image":[{"width":1200,"height":1200,"url":"https:\/\/mrpack.mx\/wp-content\/uploads\/2024\/08\/VGC-564_17TRP47655.jpg","type":"image\/jpeg"}],"twitter_card":"summary_large_image","schema":{"@context":"https:\/\/schema.org","@graph":[{"@type":"WebPage","@id":"https:\/\/mrpack.mx\/producto\/valvula-interna-de-seguridad-para-tanque-estacionario-1\/","url":"https:\/\/mrpack.mx\/producto\/valvula-interna-de-seguridad-para-tanque-estacionario-1\/","name":"V\u00c1LVULA INTERNA DE SEGURIDAD PARA TANQUE ESTACIONARIO, 1' - Mr Pack","isPartOf":{"@id":"https:\/\/mrpack.mx\/#website"},"primaryImageOfPage":{"@id":"https:\/\/mrpack.mx\/producto\/valvula-interna-de-seguridad-para-tanque-estacionario-1\/#primaryimage"},"image":{"@id":"https:\/\/mrpack.mx\/producto\/valvula-interna-de-seguridad-para-tanque-estacionario-1\/#primaryimage"},"thumbnailUrl":"https:\/\/mrpack.mx\/wp-content\/uploads\/2024\/08\/VGC-564_17TRP47655.jpg","datePublished":"2024-08-16T21:09:22+00:00","dateModified":"2026-03-24T01:44:36+00:00","breadcrumb":{"@id":"https:\/\/mrpack.mx\/producto\/valvula-interna-de-seguridad-para-tanque-estacionario-1\/#breadcrumb"},"inLanguage":"en-US","potentialAction":[{"@type":"ReadAction","target":["https:\/\/mrpack.mx\/producto\/valvula-interna-de-seguridad-para-tanque-estacionario-1\/"]}]},{"@type":"ImageObject","inLanguage":"en-US","@id":"https:\/\/mrpack.mx\/producto\/valvula-interna-de-seguridad-para-tanque-estacionario-1\/#primaryimage","url":"https:\/\/mrpack.mx\/wp-content\/uploads\/2024\/08\/VGC-564_17TRP47655.jpg","contentUrl":"https:\/\/mrpack.mx\/wp-content\/uploads\/2024\/08\/VGC-564_17TRP47655.jpg","width":1200,"height":1200},{"@type":"BreadcrumbList","@id":"https:\/\/mrpack.mx\/producto\/valvula-interna-de-seguridad-para-tanque-estacionario-1\/#breadcrumb","itemListElement":[{"@type":"ListItem","position":1,"name":"Inicio","item":"https:\/\/mrpack.mx\/"},{"@type":"ListItem","position":2,"name":"Productos","item":"https:\/\/mrpack.mx\/shop\/"},{"@type":"ListItem","position":3,"name":"V\u00c1LVULA INTERNA DE SEGURIDAD PARA TANQUE ESTACIONARIO, 1&#8242;"}]},{"@type":"WebSite","@id":"https:\/\/mrpack.mx\/#website","url":"https:\/\/mrpack.mx\/","name":"Mr Pack","description":"Soluciones en empaques, limpieza y ferreter\u00eda","potentialAction":[{"@type":"SearchAction","target":{"@type":"EntryPoint","urlTemplate":"https:\/\/mrpack.mx\/?s={search_term_string}"},"query-input":{"@type":"PropertyValueSpecification","valueRequired":true,"valueName":"search_term_string"}}],"inLanguage":"en-US"}]}},"_links":{"self":[{"href":"https:\/\/mrpack.mx\/en\/wp-json\/wp\/v2\/product\/1969","targetHints":{"allow":["GET"]}}],"collection":[{"href":"https:\/\/mrpack.mx\/en\/wp-json\/wp\/v2\/product"}],"about":[{"href":"https:\/\/mrpack.mx\/en\/wp-json\/wp\/v2\/types\/product"}],"replies":[{"embeddable":true,"href":"https:\/\/mrpack.mx\/en\/wp-json\/wp\/v2\/comments?post=1969"}],"version-history":[{"count":0,"href":"https:\/\/mrpack.mx\/en\/wp-json\/wp\/v2\/product\/1969\/revisions"}],"wp:featuredmedia":[{"embeddable":true,"href":"https:\/\/mrpack.mx\/en\/wp-json\/wp\/v2\/media\/1970"}],"wp:attachment":[{"href":"https:\/\/mrpack.mx\/en\/wp-json\/wp\/v2\/media?parent=1969"}],"wp:term":[{"taxonomy":"product_brand","embeddable":true,"href":"https:\/\/mrpack.mx\/en\/wp-json\/wp\/v2\/product_brand?post=1969"},{"taxonomy":"product_cat","embeddable":true,"href":"https:\/\/mrpack.mx\/en\/wp-json\/wp\/v2\/product_cat?post=1969"},{"taxonomy":"product_tag","embeddable":true,"href":"https:\/\/mrpack.mx\/en\/wp-json\/wp\/v2\/product_tag?post=1969"}],"curies":[{"name":"wp","href":"https:\/\/api.w.org\/{rel}","templated":true}]}}