{"id":1965,"date":"2024-08-16T15:07:58","date_gmt":"2024-08-16T21:07:58","guid":{"rendered":"https:\/\/mrpack.mx\/?post_type=product&#038;p=1965"},"modified":"2026-03-23T19:44:36","modified_gmt":"2026-03-24T01:44:36","slug":"valvula-para-cilindros-de-gas-lp-hasta-45-kg","status":"publish","type":"product","link":"https:\/\/mrpack.mx\/en\/product\/valvula-para-cilindros-de-gas-lp-hasta-45-kg\/","title":{"rendered":"V\u00c1LVULA PARA CILINDROS DE GAS LP HASTA 45 KG"},"content":{"rendered":"<p>&#8220;Cuerpo de lat\u00f3n para m\u00e1xima duraci\u00f3n<br \/>\nSello de NBR<br \/>\nManeral de aluminio<br \/>\nLiberaci\u00f3n de sobrepresi\u00f3n<br \/>\nConexi\u00f3n roscada de servicio para tuerca izquierda de 7\/8&#8243;&#8221; y punta pol&#8221;<\/p>\n<p>&#8220;Presi\u00f3n m\u00e1xima: 2,068 kPa (300 PSI)<br \/>\nCapacidad de flujo: 10 m\u00b3\/min<br \/>\nConexi\u00f3n a cilindro: 3\/4&#8243;&#8221; &#8211; 14 NPT<br \/>\nConexi\u00f3n para servicio: 7\/8&#8243;&#8221;&#8221;<\/p>","protected":false},"excerpt":{"rendered":"<p>Unidad: 1 Pieza<\/p>\n<p>C\u00f3digo: 17TRP47651<\/p>","protected":false},"featured_media":1993,"comment_status":"open","ping_status":"closed","template":"","meta":{"_acf_changed":false},"product_brand":[],"product_cat":[15],"product_tag":[41],"class_list":{"0":"post-1965","1":"product","2":"type-product","3":"status-publish","4":"has-post-thumbnail","6":"product_cat-hidraulico","7":"product_tag-foset","9":"first","10":"instock","11":"taxable","12":"shipping-taxable","13":"purchasable","14":"product-type-simple"},"acf":[],"yoast_head":"<!-- This site is optimized with the Yoast SEO plugin v27.4 - https:\/\/yoast.com\/product\/yoast-seo-wordpress\/ -->\n<title>V\u00c1LVULA PARA CILINDROS DE GAS LP HASTA 45 KG - Mr Pack<\/title>\n<meta name=\"robots\" content=\"index, follow, max-snippet:-1, max-image-preview:large, max-video-preview:-1\" \/>\n<link rel=\"canonical\" href=\"https:\/\/mrpack.mx\/en\/product\/valvula-para-cilindros-de-gas-lp-hasta-45-kg\/\" \/>\n<meta property=\"og:locale\" content=\"en_US\" \/>\n<meta property=\"og:type\" content=\"article\" \/>\n<meta property=\"og:title\" content=\"V\u00c1LVULA PARA CILINDROS DE GAS LP HASTA 45 KG - Mr Pack\" \/>\n<meta property=\"og:description\" content=\"Unidad: 1 Pieza  C\u00f3digo: 17TRP47651\" \/>\n<meta property=\"og:url\" content=\"https:\/\/mrpack.mx\/en\/product\/valvula-para-cilindros-de-gas-lp-hasta-45-kg\/\" \/>\n<meta property=\"og:site_name\" content=\"Mr Pack\" \/>\n<meta property=\"article:modified_time\" content=\"2026-03-24T01:44:36+00:00\" \/>\n<meta property=\"og:image\" content=\"https:\/\/mrpack.mx\/wp-content\/uploads\/2024\/08\/VGC-560.jpg\" \/>\n\t<meta property=\"og:image:width\" content=\"1800\" \/>\n\t<meta property=\"og:image:height\" content=\"1800\" \/>\n\t<meta property=\"og:image:type\" content=\"image\/jpeg\" \/>\n<meta name=\"twitter:card\" content=\"summary_large_image\" \/>\n<script type=\"application\/ld+json\" class=\"yoast-schema-graph\">{\"@context\":\"https:\\\/\\\/schema.org\",\"@graph\":[{\"@type\":\"WebPage\",\"@id\":\"https:\\\/\\\/mrpack.mx\\\/producto\\\/valvula-para-cilindros-de-gas-lp-hasta-45-kg\\\/\",\"url\":\"https:\\\/\\\/mrpack.mx\\\/producto\\\/valvula-para-cilindros-de-gas-lp-hasta-45-kg\\\/\",\"name\":\"V\u00c1LVULA PARA CILINDROS DE GAS LP HASTA 45 KG - Mr Pack\",\"isPartOf\":{\"@id\":\"https:\\\/\\\/mrpack.mx\\\/#website\"},\"primaryImageOfPage\":{\"@id\":\"https:\\\/\\\/mrpack.mx\\\/producto\\\/valvula-para-cilindros-de-gas-lp-hasta-45-kg\\\/#primaryimage\"},\"image\":{\"@id\":\"https:\\\/\\\/mrpack.mx\\\/producto\\\/valvula-para-cilindros-de-gas-lp-hasta-45-kg\\\/#primaryimage\"},\"thumbnailUrl\":\"https:\\\/\\\/mrpack.mx\\\/wp-content\\\/uploads\\\/2024\\\/08\\\/VGC-560.jpg\",\"datePublished\":\"2024-08-16T21:07:58+00:00\",\"dateModified\":\"2026-03-24T01:44:36+00:00\",\"breadcrumb\":{\"@id\":\"https:\\\/\\\/mrpack.mx\\\/producto\\\/valvula-para-cilindros-de-gas-lp-hasta-45-kg\\\/#breadcrumb\"},\"inLanguage\":\"en-US\",\"potentialAction\":[{\"@type\":\"ReadAction\",\"target\":[\"https:\\\/\\\/mrpack.mx\\\/producto\\\/valvula-para-cilindros-de-gas-lp-hasta-45-kg\\\/\"]}]},{\"@type\":\"ImageObject\",\"inLanguage\":\"en-US\",\"@id\":\"https:\\\/\\\/mrpack.mx\\\/producto\\\/valvula-para-cilindros-de-gas-lp-hasta-45-kg\\\/#primaryimage\",\"url\":\"https:\\\/\\\/mrpack.mx\\\/wp-content\\\/uploads\\\/2024\\\/08\\\/VGC-560.jpg\",\"contentUrl\":\"https:\\\/\\\/mrpack.mx\\\/wp-content\\\/uploads\\\/2024\\\/08\\\/VGC-560.jpg\",\"width\":1800,\"height\":1800},{\"@type\":\"BreadcrumbList\",\"@id\":\"https:\\\/\\\/mrpack.mx\\\/producto\\\/valvula-para-cilindros-de-gas-lp-hasta-45-kg\\\/#breadcrumb\",\"itemListElement\":[{\"@type\":\"ListItem\",\"position\":1,\"name\":\"Inicio\",\"item\":\"https:\\\/\\\/mrpack.mx\\\/\"},{\"@type\":\"ListItem\",\"position\":2,\"name\":\"Productos\",\"item\":\"https:\\\/\\\/mrpack.mx\\\/shop\\\/\"},{\"@type\":\"ListItem\",\"position\":3,\"name\":\"V\u00c1LVULA PARA CILINDROS DE GAS LP HASTA 45 KG\"}]},{\"@type\":\"WebSite\",\"@id\":\"https:\\\/\\\/mrpack.mx\\\/#website\",\"url\":\"https:\\\/\\\/mrpack.mx\\\/\",\"name\":\"Mr Pack\",\"description\":\"Soluciones en empaques, limpieza y ferreter\u00eda\",\"potentialAction\":[{\"@type\":\"SearchAction\",\"target\":{\"@type\":\"EntryPoint\",\"urlTemplate\":\"https:\\\/\\\/mrpack.mx\\\/?s={search_term_string}\"},\"query-input\":{\"@type\":\"PropertyValueSpecification\",\"valueRequired\":true,\"valueName\":\"search_term_string\"}}],\"inLanguage\":\"en-US\"}]}<\/script>\n<!-- \/ Yoast SEO plugin. -->","yoast_head_json":{"title":"V\u00c1LVULA PARA CILINDROS DE GAS LP HASTA 45 KG - Mr Pack","robots":{"index":"index","follow":"follow","max-snippet":"max-snippet:-1","max-image-preview":"max-image-preview:large","max-video-preview":"max-video-preview:-1"},"canonical":"https:\/\/mrpack.mx\/en\/product\/valvula-para-cilindros-de-gas-lp-hasta-45-kg\/","og_locale":"en_US","og_type":"article","og_title":"V\u00c1LVULA PARA CILINDROS DE GAS LP HASTA 45 KG - Mr Pack","og_description":"Unidad: 1 Pieza  C\u00f3digo: 17TRP47651","og_url":"https:\/\/mrpack.mx\/en\/product\/valvula-para-cilindros-de-gas-lp-hasta-45-kg\/","og_site_name":"Mr Pack","article_modified_time":"2026-03-24T01:44:36+00:00","og_image":[{"width":1800,"height":1800,"url":"https:\/\/mrpack.mx\/wp-content\/uploads\/2024\/08\/VGC-560.jpg","type":"image\/jpeg"}],"twitter_card":"summary_large_image","schema":{"@context":"https:\/\/schema.org","@graph":[{"@type":"WebPage","@id":"https:\/\/mrpack.mx\/producto\/valvula-para-cilindros-de-gas-lp-hasta-45-kg\/","url":"https:\/\/mrpack.mx\/producto\/valvula-para-cilindros-de-gas-lp-hasta-45-kg\/","name":"V\u00c1LVULA PARA CILINDROS DE GAS LP HASTA 45 KG - Mr Pack","isPartOf":{"@id":"https:\/\/mrpack.mx\/#website"},"primaryImageOfPage":{"@id":"https:\/\/mrpack.mx\/producto\/valvula-para-cilindros-de-gas-lp-hasta-45-kg\/#primaryimage"},"image":{"@id":"https:\/\/mrpack.mx\/producto\/valvula-para-cilindros-de-gas-lp-hasta-45-kg\/#primaryimage"},"thumbnailUrl":"https:\/\/mrpack.mx\/wp-content\/uploads\/2024\/08\/VGC-560.jpg","datePublished":"2024-08-16T21:07:58+00:00","dateModified":"2026-03-24T01:44:36+00:00","breadcrumb":{"@id":"https:\/\/mrpack.mx\/producto\/valvula-para-cilindros-de-gas-lp-hasta-45-kg\/#breadcrumb"},"inLanguage":"en-US","potentialAction":[{"@type":"ReadAction","target":["https:\/\/mrpack.mx\/producto\/valvula-para-cilindros-de-gas-lp-hasta-45-kg\/"]}]},{"@type":"ImageObject","inLanguage":"en-US","@id":"https:\/\/mrpack.mx\/producto\/valvula-para-cilindros-de-gas-lp-hasta-45-kg\/#primaryimage","url":"https:\/\/mrpack.mx\/wp-content\/uploads\/2024\/08\/VGC-560.jpg","contentUrl":"https:\/\/mrpack.mx\/wp-content\/uploads\/2024\/08\/VGC-560.jpg","width":1800,"height":1800},{"@type":"BreadcrumbList","@id":"https:\/\/mrpack.mx\/producto\/valvula-para-cilindros-de-gas-lp-hasta-45-kg\/#breadcrumb","itemListElement":[{"@type":"ListItem","position":1,"name":"Inicio","item":"https:\/\/mrpack.mx\/"},{"@type":"ListItem","position":2,"name":"Productos","item":"https:\/\/mrpack.mx\/shop\/"},{"@type":"ListItem","position":3,"name":"V\u00c1LVULA PARA CILINDROS DE GAS LP HASTA 45 KG"}]},{"@type":"WebSite","@id":"https:\/\/mrpack.mx\/#website","url":"https:\/\/mrpack.mx\/","name":"Mr Pack","description":"Soluciones en empaques, limpieza y ferreter\u00eda","potentialAction":[{"@type":"SearchAction","target":{"@type":"EntryPoint","urlTemplate":"https:\/\/mrpack.mx\/?s={search_term_string}"},"query-input":{"@type":"PropertyValueSpecification","valueRequired":true,"valueName":"search_term_string"}}],"inLanguage":"en-US"}]}},"_links":{"self":[{"href":"https:\/\/mrpack.mx\/en\/wp-json\/wp\/v2\/product\/1965","targetHints":{"allow":["GET"]}}],"collection":[{"href":"https:\/\/mrpack.mx\/en\/wp-json\/wp\/v2\/product"}],"about":[{"href":"https:\/\/mrpack.mx\/en\/wp-json\/wp\/v2\/types\/product"}],"replies":[{"embeddable":true,"href":"https:\/\/mrpack.mx\/en\/wp-json\/wp\/v2\/comments?post=1965"}],"version-history":[{"count":0,"href":"https:\/\/mrpack.mx\/en\/wp-json\/wp\/v2\/product\/1965\/revisions"}],"wp:featuredmedia":[{"embeddable":true,"href":"https:\/\/mrpack.mx\/en\/wp-json\/wp\/v2\/media\/1993"}],"wp:attachment":[{"href":"https:\/\/mrpack.mx\/en\/wp-json\/wp\/v2\/media?parent=1965"}],"wp:term":[{"taxonomy":"product_brand","embeddable":true,"href":"https:\/\/mrpack.mx\/en\/wp-json\/wp\/v2\/product_brand?post=1965"},{"taxonomy":"product_cat","embeddable":true,"href":"https:\/\/mrpack.mx\/en\/wp-json\/wp\/v2\/product_cat?post=1965"},{"taxonomy":"product_tag","embeddable":true,"href":"https:\/\/mrpack.mx\/en\/wp-json\/wp\/v2\/product_tag?post=1965"}],"curies":[{"name":"wp","href":"https:\/\/api.w.org\/{rel}","templated":true}]}}