{"id":1853,"date":"2024-08-16T14:08:49","date_gmt":"2024-08-16T20:08:49","guid":{"rendered":"https:\/\/mrpack.mx\/?post_type=product&#038;p=1853"},"modified":"2026-03-23T19:44:24","modified_gmt":"2026-03-24T01:44:24","slug":"tubo-de-1-1-4-de-ppr-hidraulico-de-4-m","status":"publish","type":"product","link":"https:\/\/mrpack.mx\/en\/product\/tubo-de-1-1-4-de-ppr-hidraulico-de-4-m\/","title":{"rendered":"TUBO DE 1-1\/4&#8242; DE PPR HIDR\u00c1ULICO DE 4 M"},"content":{"rendered":"<p>&#8220;Cuerpo de PPR (Polipropileno Copol\u00edmero Random), resistente a la corrosi\u00f3n, oxidaci\u00f3n, incrustraciones y a los rayos UV<br \/>\nNo genera par galv\u00e1nico<br \/>\nBaja conductividad t\u00e9rmica que permite el ahorro de energ\u00eda manteniendo por m\u00e1s tiempo la temperatura del agua en la tuber\u00eda<br \/>\nAlta resistencia al impacto y vibraciones, apto para zonas s\u00edsmicas<br \/>\nPara conducci\u00f3n de agua fr\u00eda y caliente hasta 95\u00b0 C, en instalaciones residenciales, hoteleras, comerciales y de servicios&#8221;<\/p>\n<p>&#8220;Di\u00e1metro nominal: 1 1\/4&#8243;&#8221;<br \/>\nDi\u00e1metro externo: 40 mm<br \/>\nLargo: 4 m<br \/>\nEspesor: 5.5 mm<br \/>\nPresi\u00f3n m\u00e1xima a 20\u00b0 C: 24 kgf\/cm\u00b2 \/ 340 psi<br \/>\nPresi\u00f3n m\u00e1xima a 95\u00b0 C: 6 kgf\/cm\u00b2 \/ 90 psi<br \/>\nEmpaque individual: Granel&#8221;<\/p>","protected":false},"excerpt":{"rendered":"<p>Unidad: 1 Pieza<\/p>\n<p>C\u00f3digo: 17TRP45444<\/p>","protected":false},"featured_media":2025,"comment_status":"open","ping_status":"closed","template":"","meta":{"_acf_changed":false},"product_brand":[],"product_cat":[15],"product_tag":[41],"class_list":{"0":"post-1853","1":"product","2":"type-product","3":"status-publish","4":"has-post-thumbnail","6":"product_cat-hidraulico","7":"product_tag-foset","9":"first","10":"instock","11":"taxable","12":"shipping-taxable","13":"purchasable","14":"product-type-simple"},"acf":[],"yoast_head":"<!-- This site is optimized with the Yoast SEO plugin v27.4 - https:\/\/yoast.com\/product\/yoast-seo-wordpress\/ -->\n<title>TUBO DE 1-1\/4&#039; DE PPR HIDR\u00c1ULICO DE 4 M - Mr Pack<\/title>\n<meta name=\"robots\" content=\"index, follow, max-snippet:-1, max-image-preview:large, max-video-preview:-1\" \/>\n<link rel=\"canonical\" href=\"https:\/\/mrpack.mx\/en\/product\/tubo-de-1-1-4-de-ppr-hidraulico-de-4-m\/\" \/>\n<meta property=\"og:locale\" content=\"en_US\" \/>\n<meta property=\"og:type\" content=\"article\" \/>\n<meta property=\"og:title\" content=\"TUBO DE 1-1\/4&#039; DE PPR HIDR\u00c1ULICO DE 4 M - Mr Pack\" \/>\n<meta property=\"og:description\" content=\"Unidad: 1 Pieza  C\u00f3digo: 17TRP45444\" \/>\n<meta property=\"og:url\" content=\"https:\/\/mrpack.mx\/en\/product\/tubo-de-1-1-4-de-ppr-hidraulico-de-4-m\/\" \/>\n<meta property=\"og:site_name\" content=\"Mr Pack\" \/>\n<meta property=\"article:modified_time\" content=\"2026-03-24T01:44:24+00:00\" \/>\n<meta property=\"og:image\" content=\"https:\/\/mrpack.mx\/wp-content\/uploads\/2024\/08\/CV-004.jpg\" \/>\n\t<meta property=\"og:image:width\" content=\"1800\" \/>\n\t<meta property=\"og:image:height\" content=\"1800\" \/>\n\t<meta property=\"og:image:type\" content=\"image\/jpeg\" \/>\n<meta name=\"twitter:card\" content=\"summary_large_image\" \/>\n<meta name=\"twitter:label1\" content=\"Est. reading time\" \/>\n\t<meta name=\"twitter:data1\" content=\"1 minute\" \/>\n<script type=\"application\/ld+json\" class=\"yoast-schema-graph\">{\"@context\":\"https:\\\/\\\/schema.org\",\"@graph\":[{\"@type\":\"WebPage\",\"@id\":\"https:\\\/\\\/mrpack.mx\\\/producto\\\/tubo-de-1-1-4-de-ppr-hidraulico-de-4-m\\\/\",\"url\":\"https:\\\/\\\/mrpack.mx\\\/producto\\\/tubo-de-1-1-4-de-ppr-hidraulico-de-4-m\\\/\",\"name\":\"TUBO DE 1-1\\\/4' DE PPR HIDR\u00c1ULICO DE 4 M - Mr Pack\",\"isPartOf\":{\"@id\":\"https:\\\/\\\/mrpack.mx\\\/#website\"},\"primaryImageOfPage\":{\"@id\":\"https:\\\/\\\/mrpack.mx\\\/producto\\\/tubo-de-1-1-4-de-ppr-hidraulico-de-4-m\\\/#primaryimage\"},\"image\":{\"@id\":\"https:\\\/\\\/mrpack.mx\\\/producto\\\/tubo-de-1-1-4-de-ppr-hidraulico-de-4-m\\\/#primaryimage\"},\"thumbnailUrl\":\"https:\\\/\\\/mrpack.mx\\\/wp-content\\\/uploads\\\/2024\\\/08\\\/CV-004.jpg\",\"datePublished\":\"2024-08-16T20:08:49+00:00\",\"dateModified\":\"2026-03-24T01:44:24+00:00\",\"breadcrumb\":{\"@id\":\"https:\\\/\\\/mrpack.mx\\\/producto\\\/tubo-de-1-1-4-de-ppr-hidraulico-de-4-m\\\/#breadcrumb\"},\"inLanguage\":\"en-US\",\"potentialAction\":[{\"@type\":\"ReadAction\",\"target\":[\"https:\\\/\\\/mrpack.mx\\\/producto\\\/tubo-de-1-1-4-de-ppr-hidraulico-de-4-m\\\/\"]}]},{\"@type\":\"ImageObject\",\"inLanguage\":\"en-US\",\"@id\":\"https:\\\/\\\/mrpack.mx\\\/producto\\\/tubo-de-1-1-4-de-ppr-hidraulico-de-4-m\\\/#primaryimage\",\"url\":\"https:\\\/\\\/mrpack.mx\\\/wp-content\\\/uploads\\\/2024\\\/08\\\/CV-004.jpg\",\"contentUrl\":\"https:\\\/\\\/mrpack.mx\\\/wp-content\\\/uploads\\\/2024\\\/08\\\/CV-004.jpg\",\"width\":1800,\"height\":1800},{\"@type\":\"BreadcrumbList\",\"@id\":\"https:\\\/\\\/mrpack.mx\\\/producto\\\/tubo-de-1-1-4-de-ppr-hidraulico-de-4-m\\\/#breadcrumb\",\"itemListElement\":[{\"@type\":\"ListItem\",\"position\":1,\"name\":\"Inicio\",\"item\":\"https:\\\/\\\/mrpack.mx\\\/\"},{\"@type\":\"ListItem\",\"position\":2,\"name\":\"Productos\",\"item\":\"https:\\\/\\\/mrpack.mx\\\/shop\\\/\"},{\"@type\":\"ListItem\",\"position\":3,\"name\":\"TUBO DE 1-1\\\/4&#8242; DE PPR HIDR\u00c1ULICO DE 4 M\"}]},{\"@type\":\"WebSite\",\"@id\":\"https:\\\/\\\/mrpack.mx\\\/#website\",\"url\":\"https:\\\/\\\/mrpack.mx\\\/\",\"name\":\"Mr Pack\",\"description\":\"Soluciones en empaques, limpieza y ferreter\u00eda\",\"potentialAction\":[{\"@type\":\"SearchAction\",\"target\":{\"@type\":\"EntryPoint\",\"urlTemplate\":\"https:\\\/\\\/mrpack.mx\\\/?s={search_term_string}\"},\"query-input\":{\"@type\":\"PropertyValueSpecification\",\"valueRequired\":true,\"valueName\":\"search_term_string\"}}],\"inLanguage\":\"en-US\"}]}<\/script>\n<!-- \/ Yoast SEO plugin. -->","yoast_head_json":{"title":"TUBO DE 1-1\/4' DE PPR HIDR\u00c1ULICO DE 4 M - Mr Pack","robots":{"index":"index","follow":"follow","max-snippet":"max-snippet:-1","max-image-preview":"max-image-preview:large","max-video-preview":"max-video-preview:-1"},"canonical":"https:\/\/mrpack.mx\/en\/product\/tubo-de-1-1-4-de-ppr-hidraulico-de-4-m\/","og_locale":"en_US","og_type":"article","og_title":"TUBO DE 1-1\/4' DE PPR HIDR\u00c1ULICO DE 4 M - Mr Pack","og_description":"Unidad: 1 Pieza  C\u00f3digo: 17TRP45444","og_url":"https:\/\/mrpack.mx\/en\/product\/tubo-de-1-1-4-de-ppr-hidraulico-de-4-m\/","og_site_name":"Mr Pack","article_modified_time":"2026-03-24T01:44:24+00:00","og_image":[{"width":1800,"height":1800,"url":"https:\/\/mrpack.mx\/wp-content\/uploads\/2024\/08\/CV-004.jpg","type":"image\/jpeg"}],"twitter_card":"summary_large_image","twitter_misc":{"Est. reading time":"1 minute"},"schema":{"@context":"https:\/\/schema.org","@graph":[{"@type":"WebPage","@id":"https:\/\/mrpack.mx\/producto\/tubo-de-1-1-4-de-ppr-hidraulico-de-4-m\/","url":"https:\/\/mrpack.mx\/producto\/tubo-de-1-1-4-de-ppr-hidraulico-de-4-m\/","name":"TUBO DE 1-1\/4' DE PPR HIDR\u00c1ULICO DE 4 M - Mr Pack","isPartOf":{"@id":"https:\/\/mrpack.mx\/#website"},"primaryImageOfPage":{"@id":"https:\/\/mrpack.mx\/producto\/tubo-de-1-1-4-de-ppr-hidraulico-de-4-m\/#primaryimage"},"image":{"@id":"https:\/\/mrpack.mx\/producto\/tubo-de-1-1-4-de-ppr-hidraulico-de-4-m\/#primaryimage"},"thumbnailUrl":"https:\/\/mrpack.mx\/wp-content\/uploads\/2024\/08\/CV-004.jpg","datePublished":"2024-08-16T20:08:49+00:00","dateModified":"2026-03-24T01:44:24+00:00","breadcrumb":{"@id":"https:\/\/mrpack.mx\/producto\/tubo-de-1-1-4-de-ppr-hidraulico-de-4-m\/#breadcrumb"},"inLanguage":"en-US","potentialAction":[{"@type":"ReadAction","target":["https:\/\/mrpack.mx\/producto\/tubo-de-1-1-4-de-ppr-hidraulico-de-4-m\/"]}]},{"@type":"ImageObject","inLanguage":"en-US","@id":"https:\/\/mrpack.mx\/producto\/tubo-de-1-1-4-de-ppr-hidraulico-de-4-m\/#primaryimage","url":"https:\/\/mrpack.mx\/wp-content\/uploads\/2024\/08\/CV-004.jpg","contentUrl":"https:\/\/mrpack.mx\/wp-content\/uploads\/2024\/08\/CV-004.jpg","width":1800,"height":1800},{"@type":"BreadcrumbList","@id":"https:\/\/mrpack.mx\/producto\/tubo-de-1-1-4-de-ppr-hidraulico-de-4-m\/#breadcrumb","itemListElement":[{"@type":"ListItem","position":1,"name":"Inicio","item":"https:\/\/mrpack.mx\/"},{"@type":"ListItem","position":2,"name":"Productos","item":"https:\/\/mrpack.mx\/shop\/"},{"@type":"ListItem","position":3,"name":"TUBO DE 1-1\/4&#8242; DE PPR HIDR\u00c1ULICO DE 4 M"}]},{"@type":"WebSite","@id":"https:\/\/mrpack.mx\/#website","url":"https:\/\/mrpack.mx\/","name":"Mr Pack","description":"Soluciones en empaques, limpieza y ferreter\u00eda","potentialAction":[{"@type":"SearchAction","target":{"@type":"EntryPoint","urlTemplate":"https:\/\/mrpack.mx\/?s={search_term_string}"},"query-input":{"@type":"PropertyValueSpecification","valueRequired":true,"valueName":"search_term_string"}}],"inLanguage":"en-US"}]}},"_links":{"self":[{"href":"https:\/\/mrpack.mx\/en\/wp-json\/wp\/v2\/product\/1853","targetHints":{"allow":["GET"]}}],"collection":[{"href":"https:\/\/mrpack.mx\/en\/wp-json\/wp\/v2\/product"}],"about":[{"href":"https:\/\/mrpack.mx\/en\/wp-json\/wp\/v2\/types\/product"}],"replies":[{"embeddable":true,"href":"https:\/\/mrpack.mx\/en\/wp-json\/wp\/v2\/comments?post=1853"}],"version-history":[{"count":0,"href":"https:\/\/mrpack.mx\/en\/wp-json\/wp\/v2\/product\/1853\/revisions"}],"wp:featuredmedia":[{"embeddable":true,"href":"https:\/\/mrpack.mx\/en\/wp-json\/wp\/v2\/media\/2025"}],"wp:attachment":[{"href":"https:\/\/mrpack.mx\/en\/wp-json\/wp\/v2\/media?parent=1853"}],"wp:term":[{"taxonomy":"product_brand","embeddable":true,"href":"https:\/\/mrpack.mx\/en\/wp-json\/wp\/v2\/product_brand?post=1853"},{"taxonomy":"product_cat","embeddable":true,"href":"https:\/\/mrpack.mx\/en\/wp-json\/wp\/v2\/product_cat?post=1853"},{"taxonomy":"product_tag","embeddable":true,"href":"https:\/\/mrpack.mx\/en\/wp-json\/wp\/v2\/product_tag?post=1853"}],"curies":[{"name":"wp","href":"https:\/\/api.w.org\/{rel}","templated":true}]}}