{"id":1711,"date":"2024-08-16T12:35:06","date_gmt":"2024-08-16T18:35:06","guid":{"rendered":"https:\/\/mrpack.mx\/?post_type=product&#038;p=1711"},"modified":"2026-03-23T19:44:12","modified_gmt":"2026-03-24T01:44:12","slug":"rollo-de-15-m-de-tubo-flexible-de-cobre-de-5-16","status":"publish","type":"product","link":"https:\/\/mrpack.mx\/en\/product\/rollo-de-15-m-de-tubo-flexible-de-cobre-de-5-16\/","title":{"rendered":"ROLLO DE 15 M DE TUBO FLEXIBLE DE COBRE DE 5\/16&#8242;"},"content":{"rendered":"<p>&#8220;Pared lisa que reduce la p\u00e9rdida de presi\u00f3n por fricci\u00f3n<br \/>\nResistente a la corrosi\u00f3n<br \/>\nLarga vida \u00fatil<br \/>\nIdeal para agua potable; gas L.P. y natural; aire acondicionado y refrigeraci\u00f3n<br \/>\nEn casas, comercios y servicios&#8221;<\/p>\n<p>&#8220;Largo: 15.24 m<br \/>\nDi\u00e1metro nominal: 5\/16&#8243;&#8221; (8 mm)<br \/>\nEspesor: 0.73 mm&#8221;<\/p>","protected":false},"excerpt":{"rendered":"<p>Unidad: 1 Pieza<\/p>\n<p>C\u00f3digo: 17TRP48156<\/p>","protected":false},"featured_media":2069,"comment_status":"open","ping_status":"closed","template":"","meta":{"_acf_changed":false},"product_brand":[],"product_cat":[15],"product_tag":[41],"class_list":{"0":"post-1711","1":"product","2":"type-product","3":"status-publish","4":"has-post-thumbnail","6":"product_cat-hidraulico","7":"product_tag-foset","9":"first","10":"instock","11":"taxable","12":"shipping-taxable","13":"purchasable","14":"product-type-simple"},"acf":[],"yoast_head":"<!-- This site is optimized with the Yoast SEO plugin v27.4 - https:\/\/yoast.com\/product\/yoast-seo-wordpress\/ -->\n<title>ROLLO DE 15 M DE TUBO FLEXIBLE DE COBRE DE 5\/16&#039; - Mr Pack<\/title>\n<meta name=\"robots\" content=\"index, follow, max-snippet:-1, max-image-preview:large, max-video-preview:-1\" \/>\n<link rel=\"canonical\" href=\"https:\/\/mrpack.mx\/en\/product\/rollo-de-15-m-de-tubo-flexible-de-cobre-de-5-16\/\" \/>\n<meta property=\"og:locale\" content=\"en_US\" \/>\n<meta property=\"og:type\" content=\"article\" \/>\n<meta property=\"og:title\" content=\"ROLLO DE 15 M DE TUBO FLEXIBLE DE COBRE DE 5\/16&#039; - Mr Pack\" \/>\n<meta property=\"og:description\" content=\"Unidad: 1 Pieza  C\u00f3digo: 17TRP48156\" \/>\n<meta property=\"og:url\" content=\"https:\/\/mrpack.mx\/en\/product\/rollo-de-15-m-de-tubo-flexible-de-cobre-de-5-16\/\" \/>\n<meta property=\"og:site_name\" content=\"Mr Pack\" \/>\n<meta property=\"article:modified_time\" content=\"2026-03-24T01:44:12+00:00\" \/>\n<meta property=\"og:image\" content=\"https:\/\/mrpack.mx\/wp-content\/uploads\/2024\/08\/CC-002F.jpg\" \/>\n\t<meta property=\"og:image:width\" content=\"1800\" \/>\n\t<meta property=\"og:image:height\" content=\"1800\" \/>\n\t<meta property=\"og:image:type\" content=\"image\/jpeg\" \/>\n<meta name=\"twitter:card\" content=\"summary_large_image\" \/>\n<script type=\"application\/ld+json\" class=\"yoast-schema-graph\">{\"@context\":\"https:\\\/\\\/schema.org\",\"@graph\":[{\"@type\":\"WebPage\",\"@id\":\"https:\\\/\\\/mrpack.mx\\\/producto\\\/rollo-de-15-m-de-tubo-flexible-de-cobre-de-5-16\\\/\",\"url\":\"https:\\\/\\\/mrpack.mx\\\/producto\\\/rollo-de-15-m-de-tubo-flexible-de-cobre-de-5-16\\\/\",\"name\":\"ROLLO DE 15 M DE TUBO FLEXIBLE DE COBRE DE 5\\\/16' - Mr Pack\",\"isPartOf\":{\"@id\":\"https:\\\/\\\/mrpack.mx\\\/#website\"},\"primaryImageOfPage\":{\"@id\":\"https:\\\/\\\/mrpack.mx\\\/producto\\\/rollo-de-15-m-de-tubo-flexible-de-cobre-de-5-16\\\/#primaryimage\"},\"image\":{\"@id\":\"https:\\\/\\\/mrpack.mx\\\/producto\\\/rollo-de-15-m-de-tubo-flexible-de-cobre-de-5-16\\\/#primaryimage\"},\"thumbnailUrl\":\"https:\\\/\\\/mrpack.mx\\\/wp-content\\\/uploads\\\/2024\\\/08\\\/CC-002F.jpg\",\"datePublished\":\"2024-08-16T18:35:06+00:00\",\"dateModified\":\"2026-03-24T01:44:12+00:00\",\"breadcrumb\":{\"@id\":\"https:\\\/\\\/mrpack.mx\\\/producto\\\/rollo-de-15-m-de-tubo-flexible-de-cobre-de-5-16\\\/#breadcrumb\"},\"inLanguage\":\"en-US\",\"potentialAction\":[{\"@type\":\"ReadAction\",\"target\":[\"https:\\\/\\\/mrpack.mx\\\/producto\\\/rollo-de-15-m-de-tubo-flexible-de-cobre-de-5-16\\\/\"]}]},{\"@type\":\"ImageObject\",\"inLanguage\":\"en-US\",\"@id\":\"https:\\\/\\\/mrpack.mx\\\/producto\\\/rollo-de-15-m-de-tubo-flexible-de-cobre-de-5-16\\\/#primaryimage\",\"url\":\"https:\\\/\\\/mrpack.mx\\\/wp-content\\\/uploads\\\/2024\\\/08\\\/CC-002F.jpg\",\"contentUrl\":\"https:\\\/\\\/mrpack.mx\\\/wp-content\\\/uploads\\\/2024\\\/08\\\/CC-002F.jpg\",\"width\":1800,\"height\":1800},{\"@type\":\"BreadcrumbList\",\"@id\":\"https:\\\/\\\/mrpack.mx\\\/producto\\\/rollo-de-15-m-de-tubo-flexible-de-cobre-de-5-16\\\/#breadcrumb\",\"itemListElement\":[{\"@type\":\"ListItem\",\"position\":1,\"name\":\"Inicio\",\"item\":\"https:\\\/\\\/mrpack.mx\\\/\"},{\"@type\":\"ListItem\",\"position\":2,\"name\":\"Productos\",\"item\":\"https:\\\/\\\/mrpack.mx\\\/shop\\\/\"},{\"@type\":\"ListItem\",\"position\":3,\"name\":\"ROLLO DE 15 M DE TUBO FLEXIBLE DE COBRE DE 5\\\/16&#8242;\"}]},{\"@type\":\"WebSite\",\"@id\":\"https:\\\/\\\/mrpack.mx\\\/#website\",\"url\":\"https:\\\/\\\/mrpack.mx\\\/\",\"name\":\"Mr Pack\",\"description\":\"Soluciones en empaques, limpieza y ferreter\u00eda\",\"potentialAction\":[{\"@type\":\"SearchAction\",\"target\":{\"@type\":\"EntryPoint\",\"urlTemplate\":\"https:\\\/\\\/mrpack.mx\\\/?s={search_term_string}\"},\"query-input\":{\"@type\":\"PropertyValueSpecification\",\"valueRequired\":true,\"valueName\":\"search_term_string\"}}],\"inLanguage\":\"en-US\"}]}<\/script>\n<!-- \/ Yoast SEO plugin. -->","yoast_head_json":{"title":"ROLLO DE 15 M DE TUBO FLEXIBLE DE COBRE DE 5\/16' - Mr Pack","robots":{"index":"index","follow":"follow","max-snippet":"max-snippet:-1","max-image-preview":"max-image-preview:large","max-video-preview":"max-video-preview:-1"},"canonical":"https:\/\/mrpack.mx\/en\/product\/rollo-de-15-m-de-tubo-flexible-de-cobre-de-5-16\/","og_locale":"en_US","og_type":"article","og_title":"ROLLO DE 15 M DE TUBO FLEXIBLE DE COBRE DE 5\/16' - Mr Pack","og_description":"Unidad: 1 Pieza  C\u00f3digo: 17TRP48156","og_url":"https:\/\/mrpack.mx\/en\/product\/rollo-de-15-m-de-tubo-flexible-de-cobre-de-5-16\/","og_site_name":"Mr Pack","article_modified_time":"2026-03-24T01:44:12+00:00","og_image":[{"width":1800,"height":1800,"url":"https:\/\/mrpack.mx\/wp-content\/uploads\/2024\/08\/CC-002F.jpg","type":"image\/jpeg"}],"twitter_card":"summary_large_image","schema":{"@context":"https:\/\/schema.org","@graph":[{"@type":"WebPage","@id":"https:\/\/mrpack.mx\/producto\/rollo-de-15-m-de-tubo-flexible-de-cobre-de-5-16\/","url":"https:\/\/mrpack.mx\/producto\/rollo-de-15-m-de-tubo-flexible-de-cobre-de-5-16\/","name":"ROLLO DE 15 M DE TUBO FLEXIBLE DE COBRE DE 5\/16' - Mr Pack","isPartOf":{"@id":"https:\/\/mrpack.mx\/#website"},"primaryImageOfPage":{"@id":"https:\/\/mrpack.mx\/producto\/rollo-de-15-m-de-tubo-flexible-de-cobre-de-5-16\/#primaryimage"},"image":{"@id":"https:\/\/mrpack.mx\/producto\/rollo-de-15-m-de-tubo-flexible-de-cobre-de-5-16\/#primaryimage"},"thumbnailUrl":"https:\/\/mrpack.mx\/wp-content\/uploads\/2024\/08\/CC-002F.jpg","datePublished":"2024-08-16T18:35:06+00:00","dateModified":"2026-03-24T01:44:12+00:00","breadcrumb":{"@id":"https:\/\/mrpack.mx\/producto\/rollo-de-15-m-de-tubo-flexible-de-cobre-de-5-16\/#breadcrumb"},"inLanguage":"en-US","potentialAction":[{"@type":"ReadAction","target":["https:\/\/mrpack.mx\/producto\/rollo-de-15-m-de-tubo-flexible-de-cobre-de-5-16\/"]}]},{"@type":"ImageObject","inLanguage":"en-US","@id":"https:\/\/mrpack.mx\/producto\/rollo-de-15-m-de-tubo-flexible-de-cobre-de-5-16\/#primaryimage","url":"https:\/\/mrpack.mx\/wp-content\/uploads\/2024\/08\/CC-002F.jpg","contentUrl":"https:\/\/mrpack.mx\/wp-content\/uploads\/2024\/08\/CC-002F.jpg","width":1800,"height":1800},{"@type":"BreadcrumbList","@id":"https:\/\/mrpack.mx\/producto\/rollo-de-15-m-de-tubo-flexible-de-cobre-de-5-16\/#breadcrumb","itemListElement":[{"@type":"ListItem","position":1,"name":"Inicio","item":"https:\/\/mrpack.mx\/"},{"@type":"ListItem","position":2,"name":"Productos","item":"https:\/\/mrpack.mx\/shop\/"},{"@type":"ListItem","position":3,"name":"ROLLO DE 15 M DE TUBO FLEXIBLE DE COBRE DE 5\/16&#8242;"}]},{"@type":"WebSite","@id":"https:\/\/mrpack.mx\/#website","url":"https:\/\/mrpack.mx\/","name":"Mr Pack","description":"Soluciones en empaques, limpieza y ferreter\u00eda","potentialAction":[{"@type":"SearchAction","target":{"@type":"EntryPoint","urlTemplate":"https:\/\/mrpack.mx\/?s={search_term_string}"},"query-input":{"@type":"PropertyValueSpecification","valueRequired":true,"valueName":"search_term_string"}}],"inLanguage":"en-US"}]}},"_links":{"self":[{"href":"https:\/\/mrpack.mx\/en\/wp-json\/wp\/v2\/product\/1711","targetHints":{"allow":["GET"]}}],"collection":[{"href":"https:\/\/mrpack.mx\/en\/wp-json\/wp\/v2\/product"}],"about":[{"href":"https:\/\/mrpack.mx\/en\/wp-json\/wp\/v2\/types\/product"}],"replies":[{"embeddable":true,"href":"https:\/\/mrpack.mx\/en\/wp-json\/wp\/v2\/comments?post=1711"}],"version-history":[{"count":0,"href":"https:\/\/mrpack.mx\/en\/wp-json\/wp\/v2\/product\/1711\/revisions"}],"wp:featuredmedia":[{"embeddable":true,"href":"https:\/\/mrpack.mx\/en\/wp-json\/wp\/v2\/media\/2069"}],"wp:attachment":[{"href":"https:\/\/mrpack.mx\/en\/wp-json\/wp\/v2\/media?parent=1711"}],"wp:term":[{"taxonomy":"product_brand","embeddable":true,"href":"https:\/\/mrpack.mx\/en\/wp-json\/wp\/v2\/product_brand?post=1711"},{"taxonomy":"product_cat","embeddable":true,"href":"https:\/\/mrpack.mx\/en\/wp-json\/wp\/v2\/product_cat?post=1711"},{"taxonomy":"product_tag","embeddable":true,"href":"https:\/\/mrpack.mx\/en\/wp-json\/wp\/v2\/product_tag?post=1711"}],"curies":[{"name":"wp","href":"https:\/\/api.w.org\/{rel}","templated":true}]}}