{"id":1675,"date":"2024-08-16T12:15:28","date_gmt":"2024-08-16T18:15:28","guid":{"rendered":"https:\/\/mrpack.mx\/?post_type=product&#038;p=1675"},"modified":"2026-03-23T19:44:05","modified_gmt":"2026-03-24T01:44:05","slug":"luminario-blanco-de-led-24-w-redondo-tipo-plafon-luz-de-dia","status":"publish","type":"product","link":"https:\/\/mrpack.mx\/en\/product\/luminario-blanco-de-led-24-w-redondo-tipo-plafon-luz-de-dia\/","title":{"rendered":"LUMINARIO BLANCO DE LED 24 W REDONDO TIPO PLAF\u00d3N LUZ DE D\u00cdA"},"content":{"rendered":"<p>&#8220;Ahorran hasta 84% en el consumo de energ\u00eda<br \/>\nCuerpo de aluminio, cubierta trasera de acero y pantalla de vidrio<br \/>\nEncendido instant\u00e1neo (proporciona el 100% de brillo al encender)<br \/>\nLED integrado<br \/>\nIdeal para hogar, comercios, vest\u00edbulos y m\u00e1s&#8221;<\/p>\n<p>&#8220;Potencia: 24 W<br \/>\nFlujo luminoso: 2,000 lm<br \/>\nTensi\u00f3n \/ Frecuencia: 120 V &#8211; 240 V<br \/>\nCorriente: 400 mA &#8211; 200 mA<br \/>\nTemperatura de color: 6,500 k \/ Luz de d\u00eda<br \/>\nDimensiones (alto x di\u00e1metro): 3 x 28 cm&#8221;<\/p>","protected":false},"excerpt":{"rendered":"<p>Unidad: 1 Pieza<\/p>\n<p>C\u00f3digo: 17TRP46717<\/p>","protected":false},"featured_media":1669,"comment_status":"open","ping_status":"closed","template":"","meta":{"_acf_changed":false},"product_brand":[],"product_cat":[44],"product_tag":[38],"class_list":{"0":"post-1675","1":"product","2":"type-product","3":"status-publish","4":"has-post-thumbnail","6":"product_cat-electrico","7":"product_tag-volteck","9":"first","10":"instock","11":"taxable","12":"shipping-taxable","13":"purchasable","14":"product-type-simple"},"acf":[],"yoast_head":"<!-- This site is optimized with the Yoast SEO plugin v27.4 - https:\/\/yoast.com\/product\/yoast-seo-wordpress\/ -->\n<title>LUMINARIO BLANCO DE LED 24 W REDONDO TIPO PLAF\u00d3N LUZ DE D\u00cdA - Mr Pack<\/title>\n<meta name=\"robots\" content=\"index, follow, max-snippet:-1, max-image-preview:large, max-video-preview:-1\" \/>\n<link rel=\"canonical\" href=\"https:\/\/mrpack.mx\/en\/product\/luminario-blanco-de-led-24-w-redondo-tipo-plafon-luz-de-dia\/\" \/>\n<meta property=\"og:locale\" content=\"en_US\" \/>\n<meta property=\"og:type\" content=\"article\" \/>\n<meta property=\"og:title\" content=\"LUMINARIO BLANCO DE LED 24 W REDONDO TIPO PLAF\u00d3N LUZ DE D\u00cdA - Mr Pack\" \/>\n<meta property=\"og:description\" content=\"Unidad: 1 Pieza  C\u00f3digo: 17TRP46717\" \/>\n<meta property=\"og:url\" content=\"https:\/\/mrpack.mx\/en\/product\/luminario-blanco-de-led-24-w-redondo-tipo-plafon-luz-de-dia\/\" \/>\n<meta property=\"og:site_name\" content=\"Mr Pack\" \/>\n<meta property=\"article:modified_time\" content=\"2026-03-24T01:44:05+00:00\" \/>\n<meta property=\"og:image\" content=\"https:\/\/mrpack.mx\/wp-content\/uploads\/2024\/08\/PLA-209L_17TRP46717.jpg\" \/>\n\t<meta property=\"og:image:width\" content=\"1200\" \/>\n\t<meta property=\"og:image:height\" content=\"1200\" \/>\n\t<meta property=\"og:image:type\" content=\"image\/jpeg\" \/>\n<meta name=\"twitter:card\" content=\"summary_large_image\" \/>\n<script type=\"application\/ld+json\" class=\"yoast-schema-graph\">{\"@context\":\"https:\\\/\\\/schema.org\",\"@graph\":[{\"@type\":\"WebPage\",\"@id\":\"https:\\\/\\\/mrpack.mx\\\/producto\\\/luminario-blanco-de-led-24-w-redondo-tipo-plafon-luz-de-dia\\\/\",\"url\":\"https:\\\/\\\/mrpack.mx\\\/producto\\\/luminario-blanco-de-led-24-w-redondo-tipo-plafon-luz-de-dia\\\/\",\"name\":\"LUMINARIO BLANCO DE LED 24 W REDONDO TIPO PLAF\u00d3N LUZ DE D\u00cdA - Mr Pack\",\"isPartOf\":{\"@id\":\"https:\\\/\\\/mrpack.mx\\\/#website\"},\"primaryImageOfPage\":{\"@id\":\"https:\\\/\\\/mrpack.mx\\\/producto\\\/luminario-blanco-de-led-24-w-redondo-tipo-plafon-luz-de-dia\\\/#primaryimage\"},\"image\":{\"@id\":\"https:\\\/\\\/mrpack.mx\\\/producto\\\/luminario-blanco-de-led-24-w-redondo-tipo-plafon-luz-de-dia\\\/#primaryimage\"},\"thumbnailUrl\":\"https:\\\/\\\/mrpack.mx\\\/wp-content\\\/uploads\\\/2024\\\/08\\\/PLA-209L_17TRP46717.jpg\",\"datePublished\":\"2024-08-16T18:15:28+00:00\",\"dateModified\":\"2026-03-24T01:44:05+00:00\",\"breadcrumb\":{\"@id\":\"https:\\\/\\\/mrpack.mx\\\/producto\\\/luminario-blanco-de-led-24-w-redondo-tipo-plafon-luz-de-dia\\\/#breadcrumb\"},\"inLanguage\":\"en-US\",\"potentialAction\":[{\"@type\":\"ReadAction\",\"target\":[\"https:\\\/\\\/mrpack.mx\\\/producto\\\/luminario-blanco-de-led-24-w-redondo-tipo-plafon-luz-de-dia\\\/\"]}]},{\"@type\":\"ImageObject\",\"inLanguage\":\"en-US\",\"@id\":\"https:\\\/\\\/mrpack.mx\\\/producto\\\/luminario-blanco-de-led-24-w-redondo-tipo-plafon-luz-de-dia\\\/#primaryimage\",\"url\":\"https:\\\/\\\/mrpack.mx\\\/wp-content\\\/uploads\\\/2024\\\/08\\\/PLA-209L_17TRP46717.jpg\",\"contentUrl\":\"https:\\\/\\\/mrpack.mx\\\/wp-content\\\/uploads\\\/2024\\\/08\\\/PLA-209L_17TRP46717.jpg\",\"width\":1200,\"height\":1200},{\"@type\":\"BreadcrumbList\",\"@id\":\"https:\\\/\\\/mrpack.mx\\\/producto\\\/luminario-blanco-de-led-24-w-redondo-tipo-plafon-luz-de-dia\\\/#breadcrumb\",\"itemListElement\":[{\"@type\":\"ListItem\",\"position\":1,\"name\":\"Inicio\",\"item\":\"https:\\\/\\\/mrpack.mx\\\/\"},{\"@type\":\"ListItem\",\"position\":2,\"name\":\"Productos\",\"item\":\"https:\\\/\\\/mrpack.mx\\\/shop\\\/\"},{\"@type\":\"ListItem\",\"position\":3,\"name\":\"LUMINARIO BLANCO DE LED 24 W REDONDO TIPO PLAF\u00d3N LUZ DE D\u00cdA\"}]},{\"@type\":\"WebSite\",\"@id\":\"https:\\\/\\\/mrpack.mx\\\/#website\",\"url\":\"https:\\\/\\\/mrpack.mx\\\/\",\"name\":\"Mr Pack\",\"description\":\"Soluciones en empaques, limpieza y ferreter\u00eda\",\"potentialAction\":[{\"@type\":\"SearchAction\",\"target\":{\"@type\":\"EntryPoint\",\"urlTemplate\":\"https:\\\/\\\/mrpack.mx\\\/?s={search_term_string}\"},\"query-input\":{\"@type\":\"PropertyValueSpecification\",\"valueRequired\":true,\"valueName\":\"search_term_string\"}}],\"inLanguage\":\"en-US\"}]}<\/script>\n<!-- \/ Yoast SEO plugin. -->","yoast_head_json":{"title":"LUMINARIO BLANCO DE LED 24 W REDONDO TIPO PLAF\u00d3N LUZ DE D\u00cdA - Mr Pack","robots":{"index":"index","follow":"follow","max-snippet":"max-snippet:-1","max-image-preview":"max-image-preview:large","max-video-preview":"max-video-preview:-1"},"canonical":"https:\/\/mrpack.mx\/en\/product\/luminario-blanco-de-led-24-w-redondo-tipo-plafon-luz-de-dia\/","og_locale":"en_US","og_type":"article","og_title":"LUMINARIO BLANCO DE LED 24 W REDONDO TIPO PLAF\u00d3N LUZ DE D\u00cdA - Mr Pack","og_description":"Unidad: 1 Pieza  C\u00f3digo: 17TRP46717","og_url":"https:\/\/mrpack.mx\/en\/product\/luminario-blanco-de-led-24-w-redondo-tipo-plafon-luz-de-dia\/","og_site_name":"Mr Pack","article_modified_time":"2026-03-24T01:44:05+00:00","og_image":[{"width":1200,"height":1200,"url":"https:\/\/mrpack.mx\/wp-content\/uploads\/2024\/08\/PLA-209L_17TRP46717.jpg","type":"image\/jpeg"}],"twitter_card":"summary_large_image","schema":{"@context":"https:\/\/schema.org","@graph":[{"@type":"WebPage","@id":"https:\/\/mrpack.mx\/producto\/luminario-blanco-de-led-24-w-redondo-tipo-plafon-luz-de-dia\/","url":"https:\/\/mrpack.mx\/producto\/luminario-blanco-de-led-24-w-redondo-tipo-plafon-luz-de-dia\/","name":"LUMINARIO BLANCO DE LED 24 W REDONDO TIPO PLAF\u00d3N LUZ DE D\u00cdA - Mr Pack","isPartOf":{"@id":"https:\/\/mrpack.mx\/#website"},"primaryImageOfPage":{"@id":"https:\/\/mrpack.mx\/producto\/luminario-blanco-de-led-24-w-redondo-tipo-plafon-luz-de-dia\/#primaryimage"},"image":{"@id":"https:\/\/mrpack.mx\/producto\/luminario-blanco-de-led-24-w-redondo-tipo-plafon-luz-de-dia\/#primaryimage"},"thumbnailUrl":"https:\/\/mrpack.mx\/wp-content\/uploads\/2024\/08\/PLA-209L_17TRP46717.jpg","datePublished":"2024-08-16T18:15:28+00:00","dateModified":"2026-03-24T01:44:05+00:00","breadcrumb":{"@id":"https:\/\/mrpack.mx\/producto\/luminario-blanco-de-led-24-w-redondo-tipo-plafon-luz-de-dia\/#breadcrumb"},"inLanguage":"en-US","potentialAction":[{"@type":"ReadAction","target":["https:\/\/mrpack.mx\/producto\/luminario-blanco-de-led-24-w-redondo-tipo-plafon-luz-de-dia\/"]}]},{"@type":"ImageObject","inLanguage":"en-US","@id":"https:\/\/mrpack.mx\/producto\/luminario-blanco-de-led-24-w-redondo-tipo-plafon-luz-de-dia\/#primaryimage","url":"https:\/\/mrpack.mx\/wp-content\/uploads\/2024\/08\/PLA-209L_17TRP46717.jpg","contentUrl":"https:\/\/mrpack.mx\/wp-content\/uploads\/2024\/08\/PLA-209L_17TRP46717.jpg","width":1200,"height":1200},{"@type":"BreadcrumbList","@id":"https:\/\/mrpack.mx\/producto\/luminario-blanco-de-led-24-w-redondo-tipo-plafon-luz-de-dia\/#breadcrumb","itemListElement":[{"@type":"ListItem","position":1,"name":"Inicio","item":"https:\/\/mrpack.mx\/"},{"@type":"ListItem","position":2,"name":"Productos","item":"https:\/\/mrpack.mx\/shop\/"},{"@type":"ListItem","position":3,"name":"LUMINARIO BLANCO DE LED 24 W REDONDO TIPO PLAF\u00d3N LUZ DE D\u00cdA"}]},{"@type":"WebSite","@id":"https:\/\/mrpack.mx\/#website","url":"https:\/\/mrpack.mx\/","name":"Mr Pack","description":"Soluciones en empaques, limpieza y ferreter\u00eda","potentialAction":[{"@type":"SearchAction","target":{"@type":"EntryPoint","urlTemplate":"https:\/\/mrpack.mx\/?s={search_term_string}"},"query-input":{"@type":"PropertyValueSpecification","valueRequired":true,"valueName":"search_term_string"}}],"inLanguage":"en-US"}]}},"_links":{"self":[{"href":"https:\/\/mrpack.mx\/en\/wp-json\/wp\/v2\/product\/1675","targetHints":{"allow":["GET"]}}],"collection":[{"href":"https:\/\/mrpack.mx\/en\/wp-json\/wp\/v2\/product"}],"about":[{"href":"https:\/\/mrpack.mx\/en\/wp-json\/wp\/v2\/types\/product"}],"replies":[{"embeddable":true,"href":"https:\/\/mrpack.mx\/en\/wp-json\/wp\/v2\/comments?post=1675"}],"version-history":[{"count":0,"href":"https:\/\/mrpack.mx\/en\/wp-json\/wp\/v2\/product\/1675\/revisions"}],"wp:featuredmedia":[{"embeddable":true,"href":"https:\/\/mrpack.mx\/en\/wp-json\/wp\/v2\/media\/1669"}],"wp:attachment":[{"href":"https:\/\/mrpack.mx\/en\/wp-json\/wp\/v2\/media?parent=1675"}],"wp:term":[{"taxonomy":"product_brand","embeddable":true,"href":"https:\/\/mrpack.mx\/en\/wp-json\/wp\/v2\/product_brand?post=1675"},{"taxonomy":"product_cat","embeddable":true,"href":"https:\/\/mrpack.mx\/en\/wp-json\/wp\/v2\/product_cat?post=1675"},{"taxonomy":"product_tag","embeddable":true,"href":"https:\/\/mrpack.mx\/en\/wp-json\/wp\/v2\/product_tag?post=1675"}],"curies":[{"name":"wp","href":"https:\/\/api.w.org\/{rel}","templated":true}]}}