{"id":1075,"date":"2024-08-14T12:47:05","date_gmt":"2024-08-14T18:47:05","guid":{"rendered":"https:\/\/mrpack.mx\/?post_type=product&#038;p=1075"},"modified":"2026-03-23T19:34:10","modified_gmt":"2026-03-24T01:34:10","slug":"cilindro-portatil-para-gas-lp-30kg-66lb","status":"publish","type":"product","link":"https:\/\/mrpack.mx\/en\/product\/cilindro-portatil-para-gas-lp-30kg-66lb\/","title":{"rendered":"CILINDRO PORT\u00c1TIL PARA GAS LP, 30KG (66LB)"},"content":{"rendered":"<p>&#8220;Cuerpo de acero con recubrimiento de pintura electrost\u00e1tica, resistente a la corrosi\u00f3n<br \/>\nV\u00e1lvula de servicio con conexi\u00f3n de 7\/8&#8243;&#8221; (izquierda)<br \/>\nF\u00e1cil de transportar<br \/>\nSe recomienda usar reguladores para gas LP, tuerca izquierda y punta pol, marca Foset\u00ae, no incluidos<br \/>\nEl cilindro se entrega con aire a presi\u00f3n para garantizar que no tiene fugas (el aire a presi\u00f3n debe ser completamente purgado antes de la primera carga de gas LP)&#8221;<\/p>\n<p>&#8221;<br \/>\nCapacidad: 30 kg (66 lb)<br \/>\nConexi\u00f3n de servicio: 7\/8&#8243;&#8221; (22 mm) Izquierda<br \/>\nConexi\u00f3n al cilindro: 3\/4&#8243;&#8221; &#8211; 14 NPT<br \/>\nPresi\u00f3n m\u00e1xima de trabajo: 17 kgf\/cm\u00b2<br \/>\nAlto: 127 cm<br \/>\nDi\u00e1metro: 30 cm&#8221;<\/p>","protected":false},"excerpt":{"rendered":"<p>Unidad: 1 Pieza<\/p>\n<p>C\u00f3digo: 17TRP45891<\/p>","protected":false},"featured_media":1076,"comment_status":"open","ping_status":"closed","template":"","meta":{"_acf_changed":false},"product_brand":[],"product_cat":[21],"product_tag":[41],"class_list":{"0":"post-1075","1":"product","2":"type-product","3":"status-publish","4":"has-post-thumbnail","6":"product_cat-ferreteria","7":"product_tag-foset","9":"first","10":"instock","11":"taxable","12":"shipping-taxable","13":"purchasable","14":"product-type-simple"},"acf":[],"yoast_head":"<!-- This site is optimized with the Yoast SEO plugin v27.4 - https:\/\/yoast.com\/product\/yoast-seo-wordpress\/ -->\n<title>CILINDRO PORT\u00c1TIL PARA GAS LP, 30KG (66LB) - Mr Pack<\/title>\n<meta name=\"robots\" content=\"index, follow, max-snippet:-1, max-image-preview:large, max-video-preview:-1\" \/>\n<link rel=\"canonical\" href=\"https:\/\/mrpack.mx\/en\/product\/cilindro-portatil-para-gas-lp-30kg-66lb\/\" \/>\n<meta property=\"og:locale\" content=\"en_US\" \/>\n<meta property=\"og:type\" content=\"article\" \/>\n<meta property=\"og:title\" content=\"CILINDRO PORT\u00c1TIL PARA GAS LP, 30KG (66LB) - Mr Pack\" \/>\n<meta property=\"og:description\" content=\"Unidad: 1 Pieza  C\u00f3digo: 17TRP45891\" \/>\n<meta property=\"og:url\" content=\"https:\/\/mrpack.mx\/en\/product\/cilindro-portatil-para-gas-lp-30kg-66lb\/\" \/>\n<meta property=\"og:site_name\" content=\"Mr Pack\" \/>\n<meta property=\"article:modified_time\" content=\"2026-03-24T01:34:10+00:00\" \/>\n<meta property=\"og:image\" content=\"https:\/\/mrpack.mx\/wp-content\/uploads\/2024\/08\/CILG-30_17TRP45891.jpg\" \/>\n\t<meta property=\"og:image:width\" content=\"1200\" \/>\n\t<meta property=\"og:image:height\" content=\"1200\" \/>\n\t<meta property=\"og:image:type\" content=\"image\/jpeg\" \/>\n<meta name=\"twitter:card\" content=\"summary_large_image\" \/>\n<meta name=\"twitter:label1\" content=\"Est. reading time\" \/>\n\t<meta name=\"twitter:data1\" content=\"1 minute\" \/>\n<script type=\"application\/ld+json\" class=\"yoast-schema-graph\">{\"@context\":\"https:\\\/\\\/schema.org\",\"@graph\":[{\"@type\":\"WebPage\",\"@id\":\"https:\\\/\\\/mrpack.mx\\\/producto\\\/cilindro-portatil-para-gas-lp-30kg-66lb\\\/\",\"url\":\"https:\\\/\\\/mrpack.mx\\\/producto\\\/cilindro-portatil-para-gas-lp-30kg-66lb\\\/\",\"name\":\"CILINDRO PORT\u00c1TIL PARA GAS LP, 30KG (66LB) - Mr Pack\",\"isPartOf\":{\"@id\":\"https:\\\/\\\/mrpack.mx\\\/#website\"},\"primaryImageOfPage\":{\"@id\":\"https:\\\/\\\/mrpack.mx\\\/producto\\\/cilindro-portatil-para-gas-lp-30kg-66lb\\\/#primaryimage\"},\"image\":{\"@id\":\"https:\\\/\\\/mrpack.mx\\\/producto\\\/cilindro-portatil-para-gas-lp-30kg-66lb\\\/#primaryimage\"},\"thumbnailUrl\":\"https:\\\/\\\/mrpack.mx\\\/wp-content\\\/uploads\\\/2024\\\/08\\\/CILG-30_17TRP45891.jpg\",\"datePublished\":\"2024-08-14T18:47:05+00:00\",\"dateModified\":\"2026-03-24T01:34:10+00:00\",\"breadcrumb\":{\"@id\":\"https:\\\/\\\/mrpack.mx\\\/producto\\\/cilindro-portatil-para-gas-lp-30kg-66lb\\\/#breadcrumb\"},\"inLanguage\":\"en-US\",\"potentialAction\":[{\"@type\":\"ReadAction\",\"target\":[\"https:\\\/\\\/mrpack.mx\\\/producto\\\/cilindro-portatil-para-gas-lp-30kg-66lb\\\/\"]}]},{\"@type\":\"ImageObject\",\"inLanguage\":\"en-US\",\"@id\":\"https:\\\/\\\/mrpack.mx\\\/producto\\\/cilindro-portatil-para-gas-lp-30kg-66lb\\\/#primaryimage\",\"url\":\"https:\\\/\\\/mrpack.mx\\\/wp-content\\\/uploads\\\/2024\\\/08\\\/CILG-30_17TRP45891.jpg\",\"contentUrl\":\"https:\\\/\\\/mrpack.mx\\\/wp-content\\\/uploads\\\/2024\\\/08\\\/CILG-30_17TRP45891.jpg\",\"width\":1200,\"height\":1200},{\"@type\":\"BreadcrumbList\",\"@id\":\"https:\\\/\\\/mrpack.mx\\\/producto\\\/cilindro-portatil-para-gas-lp-30kg-66lb\\\/#breadcrumb\",\"itemListElement\":[{\"@type\":\"ListItem\",\"position\":1,\"name\":\"Inicio\",\"item\":\"https:\\\/\\\/mrpack.mx\\\/\"},{\"@type\":\"ListItem\",\"position\":2,\"name\":\"Productos\",\"item\":\"https:\\\/\\\/mrpack.mx\\\/shop\\\/\"},{\"@type\":\"ListItem\",\"position\":3,\"name\":\"CILINDRO PORT\u00c1TIL PARA GAS LP, 30KG (66LB)\"}]},{\"@type\":\"WebSite\",\"@id\":\"https:\\\/\\\/mrpack.mx\\\/#website\",\"url\":\"https:\\\/\\\/mrpack.mx\\\/\",\"name\":\"Mr Pack\",\"description\":\"Soluciones en empaques, limpieza y ferreter\u00eda\",\"potentialAction\":[{\"@type\":\"SearchAction\",\"target\":{\"@type\":\"EntryPoint\",\"urlTemplate\":\"https:\\\/\\\/mrpack.mx\\\/?s={search_term_string}\"},\"query-input\":{\"@type\":\"PropertyValueSpecification\",\"valueRequired\":true,\"valueName\":\"search_term_string\"}}],\"inLanguage\":\"en-US\"}]}<\/script>\n<!-- \/ Yoast SEO plugin. -->","yoast_head_json":{"title":"CILINDRO PORT\u00c1TIL PARA GAS LP, 30KG (66LB) - Mr Pack","robots":{"index":"index","follow":"follow","max-snippet":"max-snippet:-1","max-image-preview":"max-image-preview:large","max-video-preview":"max-video-preview:-1"},"canonical":"https:\/\/mrpack.mx\/en\/product\/cilindro-portatil-para-gas-lp-30kg-66lb\/","og_locale":"en_US","og_type":"article","og_title":"CILINDRO PORT\u00c1TIL PARA GAS LP, 30KG (66LB) - Mr Pack","og_description":"Unidad: 1 Pieza  C\u00f3digo: 17TRP45891","og_url":"https:\/\/mrpack.mx\/en\/product\/cilindro-portatil-para-gas-lp-30kg-66lb\/","og_site_name":"Mr Pack","article_modified_time":"2026-03-24T01:34:10+00:00","og_image":[{"width":1200,"height":1200,"url":"https:\/\/mrpack.mx\/wp-content\/uploads\/2024\/08\/CILG-30_17TRP45891.jpg","type":"image\/jpeg"}],"twitter_card":"summary_large_image","twitter_misc":{"Est. reading time":"1 minute"},"schema":{"@context":"https:\/\/schema.org","@graph":[{"@type":"WebPage","@id":"https:\/\/mrpack.mx\/producto\/cilindro-portatil-para-gas-lp-30kg-66lb\/","url":"https:\/\/mrpack.mx\/producto\/cilindro-portatil-para-gas-lp-30kg-66lb\/","name":"CILINDRO PORT\u00c1TIL PARA GAS LP, 30KG (66LB) - Mr Pack","isPartOf":{"@id":"https:\/\/mrpack.mx\/#website"},"primaryImageOfPage":{"@id":"https:\/\/mrpack.mx\/producto\/cilindro-portatil-para-gas-lp-30kg-66lb\/#primaryimage"},"image":{"@id":"https:\/\/mrpack.mx\/producto\/cilindro-portatil-para-gas-lp-30kg-66lb\/#primaryimage"},"thumbnailUrl":"https:\/\/mrpack.mx\/wp-content\/uploads\/2024\/08\/CILG-30_17TRP45891.jpg","datePublished":"2024-08-14T18:47:05+00:00","dateModified":"2026-03-24T01:34:10+00:00","breadcrumb":{"@id":"https:\/\/mrpack.mx\/producto\/cilindro-portatil-para-gas-lp-30kg-66lb\/#breadcrumb"},"inLanguage":"en-US","potentialAction":[{"@type":"ReadAction","target":["https:\/\/mrpack.mx\/producto\/cilindro-portatil-para-gas-lp-30kg-66lb\/"]}]},{"@type":"ImageObject","inLanguage":"en-US","@id":"https:\/\/mrpack.mx\/producto\/cilindro-portatil-para-gas-lp-30kg-66lb\/#primaryimage","url":"https:\/\/mrpack.mx\/wp-content\/uploads\/2024\/08\/CILG-30_17TRP45891.jpg","contentUrl":"https:\/\/mrpack.mx\/wp-content\/uploads\/2024\/08\/CILG-30_17TRP45891.jpg","width":1200,"height":1200},{"@type":"BreadcrumbList","@id":"https:\/\/mrpack.mx\/producto\/cilindro-portatil-para-gas-lp-30kg-66lb\/#breadcrumb","itemListElement":[{"@type":"ListItem","position":1,"name":"Inicio","item":"https:\/\/mrpack.mx\/"},{"@type":"ListItem","position":2,"name":"Productos","item":"https:\/\/mrpack.mx\/shop\/"},{"@type":"ListItem","position":3,"name":"CILINDRO PORT\u00c1TIL PARA GAS LP, 30KG (66LB)"}]},{"@type":"WebSite","@id":"https:\/\/mrpack.mx\/#website","url":"https:\/\/mrpack.mx\/","name":"Mr Pack","description":"Soluciones en empaques, limpieza y ferreter\u00eda","potentialAction":[{"@type":"SearchAction","target":{"@type":"EntryPoint","urlTemplate":"https:\/\/mrpack.mx\/?s={search_term_string}"},"query-input":{"@type":"PropertyValueSpecification","valueRequired":true,"valueName":"search_term_string"}}],"inLanguage":"en-US"}]}},"_links":{"self":[{"href":"https:\/\/mrpack.mx\/en\/wp-json\/wp\/v2\/product\/1075","targetHints":{"allow":["GET"]}}],"collection":[{"href":"https:\/\/mrpack.mx\/en\/wp-json\/wp\/v2\/product"}],"about":[{"href":"https:\/\/mrpack.mx\/en\/wp-json\/wp\/v2\/types\/product"}],"replies":[{"embeddable":true,"href":"https:\/\/mrpack.mx\/en\/wp-json\/wp\/v2\/comments?post=1075"}],"version-history":[{"count":0,"href":"https:\/\/mrpack.mx\/en\/wp-json\/wp\/v2\/product\/1075\/revisions"}],"wp:featuredmedia":[{"embeddable":true,"href":"https:\/\/mrpack.mx\/en\/wp-json\/wp\/v2\/media\/1076"}],"wp:attachment":[{"href":"https:\/\/mrpack.mx\/en\/wp-json\/wp\/v2\/media?parent=1075"}],"wp:term":[{"taxonomy":"product_brand","embeddable":true,"href":"https:\/\/mrpack.mx\/en\/wp-json\/wp\/v2\/product_brand?post=1075"},{"taxonomy":"product_cat","embeddable":true,"href":"https:\/\/mrpack.mx\/en\/wp-json\/wp\/v2\/product_cat?post=1075"},{"taxonomy":"product_tag","embeddable":true,"href":"https:\/\/mrpack.mx\/en\/wp-json\/wp\/v2\/product_tag?post=1075"}],"curies":[{"name":"wp","href":"https:\/\/api.w.org\/{rel}","templated":true}]}}